{"id":6421,"date":"2025-03-27T14:22:13","date_gmt":"2025-03-27T12:22:13","guid":{"rendered":"https:\/\/camera.rnmp.ro\/?page_id=6421"},"modified":"2025-03-27T14:23:30","modified_gmt":"2025-03-27T12:23:30","slug":"termeni-si-conditii","status":"publish","type":"page","link":"https:\/\/camera.rnmp.ro\/en\/termeni-si-conditii\/","title":{"rendered":"Termeni \u0219i Condi\u021bii"},"content":{"rendered":"<p>Bine a\u0163i venit pe site-ul\u00a0<a href=\"http:\/\/www.ccina.ro\/\">www.ccina.ro<\/a><\/p><p>\u00cen cazul \u00een care continua\u0163i s\u0103 utiliza\u0163i acest site, se va considera c\u0103 sunte\u0163i de acord s\u0103 respecta\u0163i \u015fi s\u0103 accepta\u0163i termenii \u015fi condi\u0163iile de utilizare de mai jos care, \u00eempreun\u0103 cu\u00a0<a href=\"https:\/\/camera.rnmp.ro\/en\/?page_id=6424\" data-type=\"page\" data-id=\"6424\">politica de protec\u021bie a datelor cu caracter personal<\/a>\u00a0a Camerei de Comer\u0163, Industrie, Naviga\u0163ie \u015fi Agricultur\u0103 Constan\u0163a, guverneaz\u0103 rela\u0163ia dintre acest site \u015fi dvs.<\/p><p>Termenii \u201eCamera de Comer\u0163, Industrie, Naviga\u0163ie \u015fi Agricultur\u0103 Constan\u0163a\u201d, \u201eCCINA\u201d, \u201enoi\u201d sau \u201enoastr\u0103\u201d se refer\u0103 la proprietarul acestui web site, ale c\u0103rui date de identificare sunt:<\/p><p><strong>CIF: RO2756842<\/strong><br><strong>Adresa: Bd. Alexandru L\u0103pu\u015fneanu nr. 185A, Constan\u0163a \u2013 900457, Rom\u00e2nia<\/strong><\/p><p>Termenul \u201edvs.\u201d se refer\u0103 la utilizatorul sau vizitatorul acestui web site.<\/p><p>Utilizarea acestui web site este supus\u0103 urm\u0103torilor termeni \u015fi condi\u0163ii:<\/p><ul class=\"wp-block-list\"><li>Con\u0163inutul paginilor acestui web site are ca scop informarea dvs. general\u0103. Con\u0163inutul poate fi modificat f\u0103r\u0103 notificare.<\/li>\n\n<li>Nici noi, nici ter\u0163ii nu asigur\u0103 sau garanteaz\u0103 c\u0103 toate &nbsp;informa\u0163iile \u015fi materialele publicate pe acest web site sunt exacte, actuale, complete sau adecvate folosiri \u00eentr-un anumit scop. Sunte\u0163i informa\u0163i, astfel, c\u0103 aceste informa\u0163ii \u015fi materiale pot fi inexacte sau eronate, drept pentru care nu suntem r\u0103spunz\u0103tori pentru acestea, \u00een m\u0103sura permis\u0103 de lege.<\/li>\n\n<li>Folosirea informa\u0163iilor \u015fi materialelor acestui web site se va face pe r\u0103spunderea dvs. Este responsabilitate dvs. s\u0103 v\u0103 asigura\u0163i c\u0103 produsele, serviciile \u015fi informa\u0163iile disponibile pe acest web site corespund cerin\u0163elor dvs.<\/li>\n\n<li>Acest web site con\u0163ine materiale care sunt \u00een proprietatea noastr\u0103 sau pentru care avem drept de utilizare. Aceste materiale includ, \u00eens\u0103 nu se limiteaz\u0103 la: design, compozi\u0163ie, aspect \u015fi grafic\u0103. Reproducerea acestora este interzis\u0103.<\/li>\n\n<li>Toate m\u0103rcile reproduse pe acest web site, care nu se afl\u0103 \u00een proprietatea noastr\u0103 sau pentru care nu avem licen\u0163\u0103 de utilizare, sunt recunoscute prin afi\u015farea proprietarului pe web site.<\/li>\n\n<li>Pentru utilizarea neautorizat\u0103 a acestui web site, ne rezerv\u0103m dreptul de a solicita daune sau de a ne adresa organelor abilitate, \u00een caz de infrac\u0163iune.<\/li>\n\n<li>Acest web site poate con\u0163ine link-uri c\u0103tre alte web site-uri. Aceste link-uri sunt publicate \u00een interesul dvs., pentru acces la informa\u0163ii suplimentare. Acestea nu implic\u0103 sus\u0163inerea noastr\u0103 pentru site-urile destina\u0163ie, pentru al c\u0103ror con\u0163inut nu ne asum\u0103m nicio r\u0103spundere.<\/li>\n\n<li>Utilizarea acestui web site de c\u0103tre dvs., precum \u015fi orice disput\u0103 ivit\u0103 ca urmare a utiliz\u0103rii, este supus\u0103 legilor Rom\u00e2niei.<\/li><\/ul>","protected":false},"excerpt":{"rendered":"<p>Bine a\u0163i venit pe site-ul\u00a0www.ccina.ro \u00cen cazul \u00een care continua\u0163i s\u0103 utiliza\u0163i acest site, se va considera c\u0103 sunte\u0163i de acord s\u0103 respecta\u0163i \u015fi s\u0103 accepta\u0163i termenii \u015fi condi\u0163iile de utilizare de mai jos care, \u00eempreun\u0103 cu\u00a0politica de protec\u021bie a datelor cu caracter personal\u00a0a Camerei de Comer\u0163, Industrie, Naviga\u0163ie \u015fi Agricultur\u0103 Constan\u0163a, guverneaz\u0103 rela\u0163ia dintre [&hellip;]<\/p>","protected":false},"author":3,"featured_media":0,"parent":0,"menu_order":0,"comment_status":"closed","ping_status":"closed","template":"","meta":{"footnotes":""},"class_list":["post-6421","page","type-page","status-publish","hentry"],"_links":{"self":[{"href":"https:\/\/camera.rnmp.ro\/en\/wp-json\/wp\/v2\/pages\/6421","targetHints":{"allow":["GET"]}}],"collection":[{"href":"https:\/\/camera.rnmp.ro\/en\/wp-json\/wp\/v2\/pages"}],"about":[{"href":"https:\/\/camera.rnmp.ro\/en\/wp-json\/wp\/v2\/types\/page"}],"author":[{"embeddable":true,"href":"https:\/\/camera.rnmp.ro\/en\/wp-json\/wp\/v2\/users\/3"}],"replies":[{"embeddable":true,"href":"https:\/\/camera.rnmp.ro\/en\/wp-json\/wp\/v2\/comments?post=6421"}],"version-history":[{"count":2,"href":"https:\/\/camera.rnmp.ro\/en\/wp-json\/wp\/v2\/pages\/6421\/revisions"}],"predecessor-version":[{"id":6425,"href":"https:\/\/camera.rnmp.ro\/en\/wp-json\/wp\/v2\/pages\/6421\/revisions\/6425"}],"wp:attachment":[{"href":"https:\/\/camera.rnmp.ro\/en\/wp-json\/wp\/v2\/media?parent=6421"}],"curies":[{"name":"wp","href":"https:\/\/api.w.org\/{rel}","templated":true}]}}