{"id":6424,"date":"2025-03-27T14:24:08","date_gmt":"2025-03-27T12:24:08","guid":{"rendered":"https:\/\/camera.rnmp.ro\/?page_id=6424"},"modified":"2025-03-27T14:24:08","modified_gmt":"2025-03-27T12:24:08","slug":"protectia-datelor-cu-caracter-personal","status":"publish","type":"page","link":"https:\/\/camera.rnmp.ro\/en\/protectia-datelor-cu-caracter-personal\/","title":{"rendered":"Protec\u021bia datelor cu caracter personal"},"content":{"rendered":"<h2 class=\"wp-block-heading\">Angajamentul Camerei de Comer\u0163, Industrie, Navigatie si Agricultura Constanta (CCINA) cu privire la protec\u0163ia datelor cu caracter personal<\/h2><p>\u00cencrederea dumneavoastr\u0103 \u00een serviciile \u0219i personalul nostru este una din principalele noastre preocup\u0103ri. \u00cen acest, pentru a va furniza cea mai bun\u0103 experien\u0163\u0103 posibil\u0103, ne concentr\u0103m pe continua \u00eembun\u0103t\u0103\u0163ire \u00een \u00eentreaga noastr\u0103 activitate.<\/p><p>CCINA cunoa\u0219te importan\u021ba datelor dumneavoastr\u0103 personale \u0219i se angajeaz\u0103 s\u0103 protejeze confiden\u021bialitatea \u0219i securitatea acestora. De aceea, este important pentru noi s\u0103 v\u0103 furniz\u0103m \u00eentr-o manier\u0103 integrat\u0103 informa\u021biile legate de prelucrarea datelor dumneavoastr\u0103 cu caracter personal, \u00een cadrul prezentelor Termeni \u015fi Condi\u0163ii.<\/p><p>CCINA este organiza\u0163ie neguvernamental\u0103, autonom\u0103, nonprofit, de utilitate public\u0103, cu personalitate juridic\u0103, ce reprezint\u0103, sprijin\u0103 \u015fi ap\u0103r\u0103 interesele generale ale comunit\u0103\u0163ii de afaceri din jud. Constanta, urm\u0103rind promovarea \u015fi dezvoltarea industriei, comer\u0163ului, serviciilor \u015fi agriculturii, \u00een concordan\u0163\u0103 cu cerin\u0163ele economiei de pia\u0163\u0103, \u015fi este \u00eenfiin\u0163at\u0103 \u015fi func\u0163ioneaz\u0103 \u00een temeiul Legii nr. 335\/2007 a camerelor de comer\u0163 din Rom\u00e2nia.<\/p><p>CCINA respect\u0103 confiden\u0163ialitatea tuturor clien\u0163ilor \u015fi confiden\u0163ialitatea tuturor vizitatorilor website-urilor noastre \u015fi va trata \/ prelucra datele personale cu mare aten\u0163ie, \u00een condi\u0163ii tehnice \u015fi organizatorice de securitate adecvat\u0103.<\/p><p>CCINA prelucreaz\u0103 datele cu caracter personal primite direct de la dumneavoastr\u0103, \u00een calitate de persoane vizate, sau indirect cu ocazia derul\u0103rii raporturilor comerciale \/ contractuale \u015fi\/sau particip\u0103rii la t\u00e2rgurile \/ evenimentele organizate de c\u0103tre CCINA \u015fi \/ sau \u00een incinta CCINA.<\/p><p>Datele cu caracter personal sunt colectate fie numai cu acordul \/ acceptul dumneavoastr\u0103, daca sunt oferite cu bun\u0103 \u015ftiin\u0163\u0103, de buna voie, din proprie ini\u0163iativ\u0103, fie la solicitarea CCINA, de exemplu prin unul din formularele on-line utilizate, respectiv formularul de contact online, formularul de comand\u0103 servicii online etc., prin abonarea la newslettere (bine\u00een\u0163eles, doar dup\u0103 ce a\u0163i optat s\u0103 primi\u0163i aceste newslettere), participarea la tombole \u015fi concursuri, prin completarea datelor \u00een formularul de \u00eenregistrare cont pe un website CCINA etc.<\/p><p>Utilizarea acestui website dar \u015fi a altor website-uri CCINA de c\u0103tre dumneavoastr\u0103 se supune prezentelor prevederi \u015fi Condi\u0163iilor generale ale CCINA.<\/p><p><em><strong>Dac\u0103 nu sunte\u0163i de acord cu oricare dintre termenii prezentelor termeni \u015fi condi\u0163ii nu utiliza\u0163i niciunul dintre website-urile noastre sau nu ne furniza\u0163i datele dvs. personale. Este posibil ca anumite servicii s\u0103 fie condi\u0163ionate de furnizarea datelor dvs. personale.<\/strong><\/em><\/p><p>CCINA nu va prelucra datele dumneavoastr\u0103 personale dec\u00e2t \u00een m\u0103sura \u00een care acest demers este necesar \u00eendeplinirii scopurilor mai jos men\u0163ionate, cu respectarea masurilor legale de securitate \u015fi confiden\u0163ialitate a datelor.<\/p><h3 class=\"wp-block-heading\">Ce date cu caracter personal prelucreaz\u0103 CCINA?<\/h3><p>Prelucrarea datelor cu caracter personal reprezint\u0103 orice opera\u021biune sau set de opera\u021biuni, care se efectueaz\u0103 asupra datelor dumneavoastr\u0103 cu caracter personal, prin mijloace automate sau neautomate, cum ar fi: colectarea, \u00eenregistrarea, organizarea, structurarea, stocarea, adaptarea sau modificarea, extragerea, consultarea, utilizarea, divulgarea prin transmitere, diseminarea, sau punerea la dispozi\u0163ie \u00een orice alt mod, alinierea sau combinarea, restric\u0163ionarea, blocarea, \u0219tergerea, distrugerea, arhivarea.<\/p><p>Pentru a accesa website-urile CCINA, nu este nevoie sa ne furniza\u0163i niciun fel de date cu caracter personal.<\/p><p>\u00cen vederea realiz\u0103rii atribu\u0163iilor stabilite de lege \u015fi desf\u0103\u015fur\u0103rii activit\u0103\u0163ii curente, inclusiv derul\u0103rii activit\u0103\u0163ii contractuale, precum \u015fi \u00een vederea aplic\u0103rii prevederilor legale, inclusiv cele privind protec\u0163ia persoanelor fizice \u00een ceea ce prive\u015fte prelucrarea datelor cu caracter personal \u015fi libera circula\u0163ie a acestor date (legisla\u0163ia intern\u0103 \u015fi dreptul comunitar-UE), CCINA v\u0103 poate solicita anumite date cu caracter personal.<\/p><p>\u00cen acest sens, CCINA va prelucra, printre altele, urm\u0103toarele date cu caracter personal: numele \u0219i prenumele, telefon \/ fax, adresa de domiciliu \/ re\u0219edin\u021b\u0103, e-mail, profesie, loc de munc\u0103, adresa IP, etc.<\/p><h3 class=\"wp-block-heading\">Cine sunt persoanele vizate?<\/h3><p>Persoanele (vizate) ale c\u0103ror date pot fi prelucrate de c\u0103tre CCINA, exclusiv \u00een scopurile mai jos men\u0163ionate sunt:<\/p><ul class=\"wp-block-list\"><li>Clien\u0163ii persoane fizice ai CCINA (actuali, fo\u015fti sau poten\u0163iali), vizitatori, public larg, reprezentan\u0163ii \/ \u00eemputernici\u0163ii ai acestora, legali sau conven\u0163ionali<\/li>\n\n<li>Reprezentan\u0163ii \/ \u00eemputernici\u0163ii \/ persoanele de contact de afaceri (parteneri de afaceri \/ contractuali, expozan\u0163i, co-expozan\u0163i, organizatori, co-organizatori, furnizori, prestatori de servicii, locatari etc. &#8211; actuali, fo\u015fti sau poten\u0163iali) \u015fi ai institu\u0163iilor \/ autorit\u0103\u0163ilor publice.<\/li><\/ul><h3 class=\"wp-block-heading\">Consecin\u0163ele refuzului furniz\u0103rii datelor cu caracter personal<\/h3><p>Dumneavoastr\u0103, \u00een calitate de persoan\u0103 vizat\u0103, sunte\u0163i obliga\u0163i s\u0103 furniza\u0163i date complete, actualizate \u015fi corecte.<\/p><p>Pentru a v\u0103 putea oferi anumite servicii specifice activit\u0103\u0163ii CCINA, se vor solicita datele cu caracter personal necesare prest\u0103rii respectivelor servicii, iar refuzul de a furniza astfel de date poate determina imposibilitatea furniz\u0103rii serviciilor CCINA.<\/p><p>Atunci c\u00e2nd achizi\u0163iona\u0163i un serviciu furnizat de CCINA, precum \u015fi atunci c\u00e2nd participa\u0163i la t\u00e2rgurile \/ evenimentele \/ manifest\u0103rile expozi\u0163ionale organizate de CCINA, vom colecta date personale \u00een leg\u0103tur\u0103 cu prestarea respectivelor servicii. Totodat\u0103, \u00een calitate de vizitator al imobilului CCINA, vom colecta date cu caracter personal (imagine, date prelucrate prin sisteme de supraveghere video etc.) \u00een vederea \u00eendeplinirii obliga\u0163iilor legale \u015fi desf\u0103\u015fur\u0103rii activit\u0103\u0163ii curente (interes legitim).<\/p><p><strong>Prin citirea prezentelor prevederi, \u015fi \/ sau semnarea oric\u0103rui document prin care sunt furnizate date personale c\u0103tre CCINA, ori prin furnizarea datelor personale \u00een vederea acces\u0103rii serviciilor CCINA, persoanele vizate sunt informate \u015fi \/ sau \u00ee\u015fi exprim\u0103 \u00een mod expres consim\u0163\u0103m\u00e2ntul (\u00ee\u015fi dau acordul) cu privire la prelucrarea datelor personale \u00een conformitate cu dispozi\u0163iile legale privind protec\u0163ia persoanelor fizice \u00een ceea ce prive\u015fte prelucrarea datelor cu caracter personal \u015fi libera circula\u0163ie a acestor date (legisla\u0163ia intern\u0103 \u015fi dreptul comunitar-UE).<\/strong><\/p><p>\u00cen cazul \u00een care prelucrarea datelor nu mai este necesar\u0103 pentru oferirea unui serviciu, pentru \u00eendeplinirea unei obliga\u0163ii legale, \u015fi nici nu este justificat\u0103 de un interes legitim al CCINA persoanele vizate pot refuza o astfel de prelucrare sau \u00ee\u015fi pot retrage consim\u0163\u0103m\u00e2ntul dat anterior, refuzul urm\u00e2nd s\u0103 produc\u0103 efecte pentru viitor. Spre exemplu, Persoanele vizate \u00ee\u015fi pot retrage consim\u0163\u0103m\u00e2ntul pentru prelucrarea datelor \u00een scop de marketing direct, oric\u00e2nd \u015fi f\u0103r\u0103 s\u0103 fie necesar s\u0103 indice un motiv. Ulterior solu\u0163ion\u0103rii cererii de retragere a consim\u0163\u0103m\u00e2ntului, persoana vizat\u0103 nu va mai primi inform\u0103ri comerciale cu privire la evenimentele \/ t\u00e2rgurile \/ serviciile oferite de CCINA.<\/p><h3 class=\"wp-block-heading\">Care sunt scopurile colect\u0103rii datelor cu caracter personal?<\/h3><ul class=\"wp-block-list\"><li>\u00cendeplinirea atribu\u0163iilor legale ale CCINA si informarea cu privire la actiunile organizate de CCINA<\/li>\n\n<li>Organizarea de t\u00e2rguri, expozi\u0163ii, saloane \u015fi alte manifest\u0103ri \/ evenimente specializate<\/li>\n\n<li>Derularea activit\u0103\u0163ii comerciale \/ contractuale a CCINA<\/li>\n\n<li>Facturarea \u015fi \u00eencasarea valorii serviciilor oferite de CCINA<\/li>\n\n<li>Marketing, promovare, reclam\u0103, publicitate, concursuri, loterii publicitare, inclusiv transmiterea de oferte comerciale generale sau personalizate; dezvoltarea \u015fi \u00eembun\u0103t\u0103\u0163irea serviciilor<\/li>\n\n<li>Management opera\u0163ional<\/li>\n\n<li>Gestionarea rela\u0163iilor cu clien\u0163ii; comunicarea comercial\u0103 cu clien\u0163ii \/ furnizorii prin orice mijloc de comunicare<\/li>\n\n<li>\u00cendeplinirea obliga\u0163iilor legale incidente<\/li>\n\n<li>Comunicarea cu organismele \/ autorit\u0103\u0163ile \/ institu\u0163iile publice sau de interes public<\/li>\n\n<li>Activit\u0103\u0163i de audit \u015fi control \/ supraveghere<\/li>\n\n<li>Arhivare, scopuri statistice<\/li>\n\n<li>Colectare debite \/ Recuperare debite restante<\/li>\n\n<li>Solu\u0163ionarea disputelor \u015fi litigiilor, punerea \u00een executare a unor hot\u0103r\u00e2ri judec\u0103tore\u015fti, arbitrale, ordine judec\u0103tore\u015fti etc.<\/li><\/ul><p>CCINA va considera toate informa\u0163iile colectate de la dumneavoastr\u0103 ca fiind confiden\u0163iale \u015fi nu le va partaja cu ter\u0163i (cu excep\u0163ia organizatorilor \/ co-organizatorilor unor evenimente organizate de CCINA \u015fi sau \u00een incinta CCINA \u015fi \/ sau partenerilor de afaceri, a\u015fa cum este aceasta situa\u0163ie descris\u0103 mai jos) f\u0103r\u0103 consim\u0163\u0103m\u00e2ntul dumneavoastr\u0103 expres \u015fi anterior.<\/p><h3 class=\"wp-block-heading\">Cine sunt destinatarii datelor dumneavoastr\u0103 cu caracter personal?<\/h3><p>Destinatarii datelor pot fi chiar persoanele (vizate) care au furnizat datele persoane, dup\u0103 cum urmeaz\u0103:<\/p><ul class=\"wp-block-list\"><li>Clien\u0163i persoane fizice ai CCINA (actuali, fo\u015fti sau poten\u0163iali), vizitatori, public larg, reprezentan\u0163i \/ \u00eemputernici\u0163ii acestora, legali sau conven\u0163ionali (pentru scopul derul\u0103rii raporturilor comerciale\/contractuale)<\/li>\n\n<li>Expozan\u0163i, co-expozan\u0163i, organizatori, co-organizatori, locatari, furnizori, prestatori \u015fi alte entit\u0103\u0163i juridice-parteneri de afaceri \/ contractuali ai CCINA, autorit\u0103\u0163i \/ institu\u0163ii publice<\/li><\/ul><p>Destinatarii (al\u0163ii dec\u00e2t persoanele vizate) datelor pot fi:<\/p><ul class=\"wp-block-list\"><li>Autorit\u0103\u0163i publice centrale \u015fi locale, autorit\u0103\u0163i judec\u0103tore\u015fti, politie, parchet (\u00een limitele prevederilor legale \u015fi \/ sau ca urmare a unor cereri expres formulate), societ\u0103\u0163i bancare, executori judec\u0103tore\u015fti, societ\u0103\u0163i de asigurare \u015fi reasigurare, organiza\u0163ii de cercetare a pie\u0163ei (scop statistic) etc.<\/li><\/ul><p>Confiden\u0163ialitatea datelor cu caracter personal va fi asigurat\u0103 de c\u0103tre CCINA \u015fi nu vor fi furnizate c\u0103tre al\u0163i ter\u0163i \u00een afara celor men\u0163iona\u0163i \u00een prezentul document.<\/p><h3 class=\"wp-block-heading\">Prelucrarea datelor cu caracter personal in scop promo\u0163ional (marketing)<\/h3><p>Datele cu caracter personal furnizate de persoanele vizate (cum ar fi: nume \u015fi prenume, adresa de e-mail, nr. fax, nr. telefon mobil \/ fix) vor putea fi prelucrate de CCINA cu respectarea drepturilor acestora, \u00een special a dreptului de informare \u015fi opozi\u0163ie, \u00een urm\u0103toarele scopuri: marketing (inclusiv marketing direct), concursuri, loterii publicitare, efectuarea de comunic\u0103ri comerciale pentru serviciile CCINA, inclusiv cele dezvoltate \u00eempreun\u0103 cu un partener CCINA prin orice mijloc de comunicare, inclusiv prin intermediul serviciilor de comunica\u0163ii electronice. Datele cu caracter personal furnizate de persoanele vizate vor putea fi folosite \u00een scop promo\u0163ional (marketing) \u015fi pentru produsele sau serviciile altor parteneri ai CCINA, cu respectarea drepturilor persoanelor vizate.<\/p><p>\u00cen cazul \u00een care CCINA inten\u0163ioneaz\u0103 s\u0103 utilizeze datele dumneavoastr\u0103 \u00een scopuri de marketing direct, (dup\u0103 ce persoanele vizata au optat \u00een acest sens) persoanele vizate vor fi informate \u00een prealabil. Persoanele vizate \u00ee\u015fi pot exercita dreptul de prevenire a unei asemenea prelucr\u0103ri prin selectarea casetelor adecvate din formularele \/ documentele utilizate pentru colectarea datelor cu caracter personal.<\/p><p>Indiferent de situa\u0163ie, \u00een cazul \u00een care ve\u0163i dori ca datele cu caracter personal s\u0103 \u00eenceteze a mai fi prelucrate de CCINA, ne pute\u0163i solicita \u00een mod expres \u00eencetarea oric\u0103rei prelucr\u0103ri de date din partea noastr\u0103. Totodat\u0103, atunci c\u00e2nd ve\u0163i dori s\u0103 nu mai primi\u0163i newslettere sau materiale informative din partea CCINA, va pute\u0163i dezabona folosind butonul &#8222;Dezabonare&#8221; sau \u201eUnsubscribe\u201d.<\/p><p><strong>\u00cen rela\u0163ia cu CCINA, dumneavoastr\u0103, beneficia\u0163i conform prevederilor legale aplicabile de urm\u0103toarele drepturi: dreptul de acces, dreptul la rectificare, dreptul la \u015ftergerea datelor, dreptul la restric\u0163ionarea prelucr\u0103rii, dreptul la portabilitatea datelor, dreptul la opozi\u0163ie \u015fi procesul decizional individual automatizat.<\/strong><\/p><h3 class=\"wp-block-heading\">Durata prelucr\u0103rii datelor cu caracter personal<\/h3><p>\u00cen vederea realiz\u0103rii scopului men\u0163ionat, CCINA va prelucra datele cu caracter personal pe toata perioada de desf\u0103\u015furare a activit\u0103\u0163ilor CCINA, p\u00e2n\u0103 \u00een momentul \u00een care persoana vizat\u0103, sau reprezentantul legal, va manifesta dreptul de opozi\u0163ie \/ de \u015ftergere (cu excep\u0163ia situa\u0163iei \u00een care CCINA prelucreaz\u0103 datele \u00een baza unei obliga\u0163ii legale sau justific\u0103 un interes legitim). Ulterior \u00eencheierii opera\u0163iunilor de prelucrare a datelor cu caracter personal, \u00een scopul pentru care au fost colectate, dac\u0103 persoana vizat\u0103 sau reprezentantul legal al acesteia nu va manifesta dreptul de opozi\u0163ie \/ de \u015ftergere, conform legii, aceste date vor fi arhivate de c\u0103tre CCINA pe durata de timp prev\u0103zut\u0103 \u00een procedurile interne ale CCINA \u015fi \/ sau vor fi distruse.<\/p><h3 class=\"wp-block-heading\">Ce m\u0103suri de siguran\u0163\u0103 sunt utilizate pentru protejarea datelor dumneavoastr\u0103?<\/h3><p>\u00cen vederea realiz\u0103rii scopului men\u0163ionat, CCINA va prelucra datele cu caracter personal pe toata perioada de \u00eendeplinire a atribu\u0163iilor, p\u00e2n\u0103 \u00een momentul \u00een care persoana vizat\u0103, sau reprezentantul legal, va manifesta dreptul de opozi\u0163ie \/ de \u015ftergere (cu excep\u0163ia situa\u0163iei \u00een care CCINA prelucreaz\u0103 datele \u00een baza unei obliga\u0163ii legale sau justific\u0103 un interes legitim). Ulterior \u00eencheierii opera\u0163iunilor de prelucrare a datelor cu caracter personal, \u00een scopul pentru care au fost colectate, dac\u0103 persoana vizata sau reprezentantul legal al acesteia nu va manifesta dreptul de opozi\u0163ie \/ de \u015ftergere, conform legii, aceste date vor fi arhivate de c\u0103tre CCINA pe durata de timp prev\u0103zut\u0103 \u00een procedurile interne CCINA si \/ sau vor fi distruse.<\/p><p>Pentru a evita utilizarea f\u0103r\u0103 drept a datelor personale, precum \u015fi eventualele abuzuri, utiliz\u0103m metode \u015fi tehnologii de securitate, \u00eempreun\u0103 cu politici \u015fi proceduri de lucru adecvate, pentru a proteja datele cu caracter personal colectate.<\/p><p>Securitatea integral\u0103 a datelor transmise prin internet nu poate fi niciodat\u0103 garantat\u0103. \u00cen timp ce CCINA depune toate eforturile \u00een privin\u0163a protej\u0103rii datelor personale, nu poate fi garantat\u0103 \u00een mod absolut securitatea datelor transmise c\u0103tre website-urile CCINA. Orice transmisie de date se face pe riscul persoanelor vizate. Odat\u0103 ce sunt primite date personale, CCINA utilizeaz\u0103 proceduri \u015fi m\u0103suri stricte de siguran\u0163\u0103 \u00eempotriva utiliz\u0103rii neautorizate, nelegale, distrugerii, pierderii accidentale sau divulg\u0103rii datelor personale.<\/p><h3 class=\"wp-block-heading\">Condi\u0163iile transferurilor de date personale \u00een afara spa\u0163iului UE \u015fi al Zonei Economice-Europene<\/h3><p>Transferurile de date \u00een afara spa\u0163iului UE \u015fi al Zonei Economice-Europene se pot face numai \u00een condi\u0163iile prev\u0103zute de legisla\u0163ia specific\u0103 na\u0163ional\u0103 \u015fi UE privind protec\u0163ia persoanelor fizice \u00een ceea ce prive\u015fte prelucrarea datelor cu caracter personal \u015fi privind libera circula\u0163ie a acestora.<\/p><h3 class=\"wp-block-heading\">Care sunt drepturile dumneavoastr\u0103?<\/h3><p>Prin citirea acestui document, Persoanele vizate au fost informate cu privire la drepturile de care beneficiaz\u0103, conform prevederilor legale aplicabile, respectiv: dreptul de acces, dreptul la rectificare, dreptul la \u015ftergerea datelor, dreptul la restric\u0163ionarea prelucr\u0103rii, dreptul la portabilitatea datelor, dreptul la opozi\u0163ie \u015fi procesul individual automatizat. Totodat\u0103, atunci c\u00e2nd prelucrarea se realizeaz\u0103 pe consim\u0163\u0103m\u00e2nt, persoanele vizate au dreptul, de a-\u015fi retrage consim\u0163\u0103m\u00e2ntul \u00een orice moment \u00een form\u0103 scris\u0103, adresat\u0103 CCINA, \u00een condi\u0163iile legisla\u0163iei aplicabile, f\u0103r\u0103 a afecta legalitatea prelucr\u0103rii efectuate pe baza consim\u0163\u0103m\u00e2ntului \u00eenainte de retragerea acestuia.<\/p><p>De asemenea, persoanele vizate au dreptul de a se opune \u00een orice moment, \u00een mod gratuit \u015fi f\u0103r\u0103 nicio justificare, prelucr\u0103rii datelor personale \u00een scop de marketing direct, utiliz\u00e2nd, dac\u0103 este cazul, func\u0163ia de dezabonare inclus\u0103 \u00een materialele de marketing.<\/p><p>Pentru celelalte scopuri, persoanele vizate au dreptul de a se opune, \u00een orice moment, \u00een mod gratuit, ca datele cu caracter personal pe care le furnizeaz\u0103 c\u0103tre CCINA s\u0103 fac\u0103 obiectul unei prelucr\u0103ri, cu men\u0163ionarea datelor \u015fi scopului avute \u00een vedere, numai pentru motive \u00eentemeiate \u015fi legitime, legate de situa\u0163ia sa particular\u0103, cu excep\u0163ia cazurilor \u00een care CCINA demonstreaz\u0103 c\u0103 are motive legitime \u015fi imperioase care justific\u0103 prelucrarea \u015fi care prevaleaz\u0103 intereselor, drepturilor \u015fi libert\u0103\u0163ilor persoanei vizate sau c\u0103 scopul este constatarea, exercitarea sau ap\u0103rarea unui drept \u00een instan\u0163\u0103. \u00cen caz de opozi\u0163ie nejustificat\u0103, CCINA este \u00eendrept\u0103\u0163it\u0103 s\u0103 prelucreze \u00een continuare datele \u00een cauz\u0103.<\/p><p>Prin citirea acestui document persoanele vizate au luat la cuno\u015ftin\u0163\u0103 \u015fi \u00een\u0163eleg faptul c\u0103 datele cu caracter personal furnizate c\u0103tre CCINA constituie elemente determinante pentru accesarea serviciilor oferite de CCINA \u015fi \/ sau derularea activit\u0103\u0163ii comerciale \/ contractuale.<\/p><p>\u00cen cazul \u00een care, persoanele vizate, direct sau prin reprezentant, \u00ee\u015fi exercit\u0103 drepturile men\u0163ionate mai sus, \u00een mod v\u0103dit nefondat, nejustificat sau excesiv, \u00een special din cauz\u0103 caracterului lor repetitiv, CCINA poate:<\/p><ul class=\"wp-block-list\"><li>fie s\u0103 perceap\u0103 o taxa rezonabil\u0103 \u0163in\u00e2nd cont de costurile administrative pentru furnizarea informa\u0163iilor sau a comunic\u0103rii sau pentru luarea masurilor solicitate<\/li>\n\n<li>fie sa refuze s\u0103 dea curs cererii<\/li><\/ul><p>De asemenea, \u00een cazul \u00een care persoanele vizate, direct sau prin reprezentant, \u00ee\u015fi exercit\u0103 dreptul de opozi\u0163ie \u00een mod v\u0103dit nefondat, nejustificat sau excesiv, \u00een special din cauza caracterului lor repetitiv, CCINA este \u00eendrept\u0103\u0163it\u0103 s\u0103 considere Contractul \u00eencheiat cu Clientul CCINA de drept reziliat, f\u0103r\u0103 nicio alta formalitate sau interven\u0163ie a instan\u0163elor judec\u0103tore\u015fti, cu excep\u0163ia unei notific\u0103ri prealabile.<\/p><p>Pentru exercitarea acestor drepturi, dumneavoastr\u0103 va pute\u0163i adresa responsabilului cu protec\u0163ia datelor din cadrul CCINA cu o cerere scris\u0103, datat\u0103 \u015fi semnat\u0103 la adresa de e-mail: dpo@ccina.ro sau la urm\u0103toarea adresa de coresponden\u0163\u0103: Constanta, B-dul. Alexandru Lapusneanu nr. 185A, jud. Constanta. Cererii i se va anexa o copie lizibila a actului de identitate al semnatarului.<\/p><p>De asemenea, persoanelor vizate le este recunoscut dreptul de a depune o pl\u00e2ngere \u00een fata unei autorit\u0103\u0163i de supraveghere \u015fi de a introduce o cale de atac judiciara.<\/p><p><strong>Aceste prevederi pot suferi modific\u0103ri \/ actualiz\u0103ri ocazionale. V\u0103 recomand\u0103m s\u0103 verifica\u0163i la fiecare utilizare a website-urilor CCINA prezentele prevederi, pentru a fi tot timpul informa\u0163i \u00een leg\u0103tur\u0103 cu acestea. Prin accesarea website-urilor CCINA sau utilizarea serviciilor CCINA prin intermediul website-urilor men\u0163ionate, ulterior modific\u0103rilor, se vor considera acceptate, noile prevederi.<\/strong><\/p>","protected":false},"excerpt":{"rendered":"<p>Angajamentul Camerei de Comer\u0163, Industrie, Navigatie si Agricultura Constanta (CCINA) cu privire la protec\u0163ia datelor cu caracter personal \u00cencrederea dumneavoastr\u0103 \u00een serviciile \u0219i personalul nostru este una din principalele noastre preocup\u0103ri. \u00cen acest, pentru a va furniza cea mai bun\u0103 experien\u0163\u0103 posibil\u0103, ne concentr\u0103m pe continua \u00eembun\u0103t\u0103\u0163ire \u00een \u00eentreaga noastr\u0103 activitate. CCINA cunoa\u0219te importan\u021ba datelor [&hellip;]<\/p>","protected":false},"author":3,"featured_media":0,"parent":0,"menu_order":0,"comment_status":"closed","ping_status":"closed","template":"","meta":{"footnotes":""},"class_list":["post-6424","page","type-page","status-publish","hentry"],"_links":{"self":[{"href":"https:\/\/camera.rnmp.ro\/en\/wp-json\/wp\/v2\/pages\/6424","targetHints":{"allow":["GET"]}}],"collection":[{"href":"https:\/\/camera.rnmp.ro\/en\/wp-json\/wp\/v2\/pages"}],"about":[{"href":"https:\/\/camera.rnmp.ro\/en\/wp-json\/wp\/v2\/types\/page"}],"author":[{"embeddable":true,"href":"https:\/\/camera.rnmp.ro\/en\/wp-json\/wp\/v2\/users\/3"}],"replies":[{"embeddable":true,"href":"https:\/\/camera.rnmp.ro\/en\/wp-json\/wp\/v2\/comments?post=6424"}],"version-history":[{"count":1,"href":"https:\/\/camera.rnmp.ro\/en\/wp-json\/wp\/v2\/pages\/6424\/revisions"}],"predecessor-version":[{"id":6426,"href":"https:\/\/camera.rnmp.ro\/en\/wp-json\/wp\/v2\/pages\/6424\/revisions\/6426"}],"wp:attachment":[{"href":"https:\/\/camera.rnmp.ro\/en\/wp-json\/wp\/v2\/media?parent=6424"}],"curies":[{"name":"wp","href":"https:\/\/api.w.org\/{rel}","templated":true}]}}