{"id":6427,"date":"2025-03-27T14:25:22","date_gmt":"2025-03-27T12:25:22","guid":{"rendered":"https:\/\/camera.rnmp.ro\/?page_id=6427"},"modified":"2025-03-27T14:25:23","modified_gmt":"2025-03-27T12:25:23","slug":"politica-rgdp","status":"publish","type":"page","link":"https:\/\/camera.rnmp.ro\/en\/politica-rgdp\/","title":{"rendered":"Politica RGDP"},"content":{"rendered":"<h2 class=\"wp-block-heading\"><strong>TERMENI SI CONDI\u0162II GENERALE TEHNICE \u015eI DE PARTICIPARE<\/strong><\/h2><p>Condi\u0163ii generale:<\/p><p><strong>I. PROTEC\u0162IA DATELOR CU CARACTER PERSONAL<\/strong><\/p><p>Prezenta sec\u0163iune stabile\u015fte condi\u0163iile de prelucrare a datelor cu caracter personal aplicabile tuturor clien\u0163ilor (expozan\u0163i, co-expozan\u0163i, organizatori, co-organizatori, locatari, furnizori etc.), partenerilor, vizitatorilor, reprezentan\u0163ilor acestora precum \u015fi publicului larg care viziteaz\u0103, indiferent de calitatea \u00een care o fac, imobilul CCINA din Constanta, B-dul. Alexandru Lapusneanu nr. 185A. Constanta \u015fi\/sau particip\u0103 la evenimentele organizate de CCINA. &nbsp;<\/p><p>CCINA cunoa\u0219te importan\u021ba datelor dumneavoastr\u0103 personale \u0219i se angajeaz\u0103 s\u0103 protejeze confiden\u021bialitatea \u0219i securitatea acestora. De aceea, este important pentru noi s\u0103 v\u0103 furniz\u0103m \u00eentr-o manier\u0103 integrat\u0103 informa\u021biile legate de prelucrarea datelor dvs. cu caracter personal, \u00een cadrul prezentelor Teremeni si Condi\u0163ii Generale.<\/p><p>CCINA prelucreaz\u0103 datele cu caracter personal, \u00een condi\u0163ii tehnice \u015fi organizatorice de securitate adecvata, prelucrarea efectu\u00e2ndu-se cu respectarea legisla\u0163iei \u00een vigoare.<\/p><p>CCINA prelucreaz\u0103 datele cu caracter personal primite direct de la persoanele vizate (inclusiv prin intermediul website-urilor CCINA) sau indirect, cu ocazia derul\u0103rii raporturilor comerciale\/contractuale \u015fi\/sau particip\u0103rii, indiferent de calitatea \u00een care o fac, la t\u00e2rgurile\/evenimentele organizate de CCINA \u015fi\/sau \u00een cadrul CCINA. &nbsp;<\/p><p>Datele cu caracter personal sunt colectate fie numai cu acordul\/acceptul persoanelor vizate,&nbsp; daca sunt oferite cu buna \u015ftiin\u0163a, de buna voie, din proprie ini\u0163iativ\u0103, fie la solicitarea CCINA, de exemplu prin documente contractuale, prin formularul adeziune contract, prin unul din formularele on-line utilizate, respectiv formularul de contact online, formularul de comand\u0103 servicii online etc., prin abonarea la newslettere, participarea la tombole \u015fi concursuri, prin completarea datelor \u00een formularul de \u00eenregistrare cont pe un website CCINA ori aplica\u0163ie etc.<\/p><p>Utilizarea website-urilor CCINA se supune prezentelor prevederi \u015fi Termenilor \u015fi Condi\u0163iilor men\u0163ionate pe aceste website-uri.<\/p><p>Dac\u0103 nu sunte\u0163i de acord cu oricare dintre termenii prezentelor prevederi cu privire la protec\u0163ia datelor cu caracter personal, nu utiliza\u0163i niciunul dintre website-urile CCINA sau nu ne furniza\u0163i datele dvs. personale. Este posibil ca anumite servicii s\u0103 fie condi\u0163ionate de furnizarea datelor dvs. personale.<\/p><p>In vederea realiz\u0103rii atribu\u0163iilor stabilite de lege \u015fi desf\u0103\u015fur\u0103rii activit\u0103\u0163ii curente, inclusiv derul\u0103rii activit\u0103\u0163ii contractuale, precum \u015fi \u00een vederea aplic\u0103rii prevederilor legale, inclusiv cele privind protec\u0163ia persoanelor fizice \u00een ceea ce prive\u015fte prelucrarea datelor cu caracter personal \u015fi libera circula\u0163ie a acestor date (legisla\u0163ia intern\u0103 \u015fi dreptul comunitar-UE), CCINA are obliga\u0163ia de a administra \u00een condi\u0163ii de siguran\u0163a \u015fi numai pentru scopul specificat, datele personale furnizate.<br>CCINA nu va prelucra datele personale dec\u00e2t \u00een m\u0103sura \u00een care acest demers este necesar \u00eendeplinirii scopului mai jos men\u0163ionat, cu respectarea masurilor legale de securitate \u015fi confiden\u0163ialitate a datelor.<\/p><p>Prelucrarea datelor cu caracter personal reprezint\u0103 orice opera\u021biune sau set de opera\u021biuni, care se efectueaz\u0103 asupra datelor cu caracter personal, prin mijloace automate sau neautomate, cum ar fi: colectarea, \u00eenregistrarea, organizarea, structurarea, stocarea, adaptarea sau modificarea, extragerea, consultarea, utilizarea, divulgarea prin transmitere, diseminarea, sau punerea la dispozi\u0163ie \u00een orice alt mod, alinierea sau combinarea,&nbsp; restri\u0163ionarea, blocarea, \u0219tergerea, distrugerea, arhivarea.<\/p><p>Pentru accesarea website-urilor CCINA, nu este necesar\u0103 furnizarea niciunui fel de date cu caracter personal. &nbsp;<br>\u00cen contextul desf\u0103\u015fur\u0103rii activit\u0103\u0163ii curente a CCINA, inclusiv derul\u0103rii activit\u0103\u0163ii comerciale\/contractuale, particip\u0103rii la t\u00e2rgurile, expozi\u0163iile si\/sau alte evenimente specializate organizate de CCINA \u015fi\/sau \u00een incinta CCINA Business Center, implic\u00e2nd achizi\u0163ionarea de servicii CCINA oferite pe website, achitarea tarifelor on-line sau abonarea la newsletter-ele CCINA, precum \u015fi \u00een contextul \u00eendeplinirii obliga\u0163iilor legale, CCINA va putea solicita anumite date cu caracter personal.<br>\u00cen sensul celor sus-men\u0163ionate, CCINA va prelucra printre altele, urm\u0103toarele date cu caracter personal: numele \u0219i prenumele, semn\u0103tura, datele din permisul de conducere\/certificatul de \u00eenmatriculare (\u00een anumite cazuri), telefon\/fax, adresa de domiciliu\/re\u0219edin\u021b\u0103, e-mail, profesie, loc de munc\u0103, func\u0163ia, date bancare, obi\u015fnuin\u0163e\/preferin\u0163e\/comportament, imagine, voce, date prelucrate prin sisteme de supraveghere video, adresa IP, cod IBAN, codul numeric personal (CNP), seria \u0219i num\u0103rul actului de identitate\/pa\u015faportului, etc.&nbsp; &nbsp;<\/p><h2 class=\"wp-block-heading\">Persoanele (vizate) ale c\u0103ror date pot fi prelucrate de c\u0103tre CCINA, exclusiv \u00een scopurile mai jos men\u0163ionate sunt:<\/h2><ul class=\"wp-block-list\"><li>Firme membre CCINA sau care doresc sa detina aceasta calitate;<\/li>\n\n<li>Clien\u0163ii persoane fizice ai CCINA (actuali, fo\u015fti sau poten\u0163iali), vizitatori, public larg, reprezentan\u0163ii\/\u00eemputernici\u0163ii ai acestora, legali sau conven\u0163ionali;<\/li>\n\n<li>Reprezentan\u0163ii\/\u00eemputernici\u0163ii\/persoanele de contact de afaceri (parteneri de afaceri\/contractuali, expozan\u0163i, co-expozan\u0163i, organizatori, co-organizatori, furnizori, prestatori de servicii,\u00a0 locatari etc. &#8211; actuali, fo\u015fti sau poten\u0163iali) \u015fi ai institu\u0163iilor\/autorit\u0103\u0163ilor publice.<\/li><\/ul><p>Persoanele vizate sunt obligate s\u0103 furnizeze date complete, actualizate \u015fi corecte.&nbsp;&nbsp;&nbsp;&nbsp; &nbsp;<\/p><p>Pentru a va putea oferi anumite servicii specifice atribu\u0163iilor&nbsp; CCINA, se vor solicita datele cu caracter personal necesare prest\u0103rii respectivelor servicii, iar refuzul de a furniza astfel de date poate determina imposibilitatea furniz\u0103rii serviciilor CCINA.<\/p><p>Atunci c\u00e2nd achizi\u0163iona\u0163i un serviciu furnizat de CCINA, precum \u015fi atunci c\u00e2nd participa\u0163i la t\u00e2rgurile\/evenimentele\/manifest\u0103rile expozi\u0163ionale organizate de CCINA, vom colecta date personale \u00een leg\u0103tur\u0103 cu prestarea respectivelor servicii.<\/p><p>Totodat\u0103, \u00een calitate de vizitator al imobilului CCINA Business Center, vom colecta date cu caracter personal (imagine, date prelucrate prin sisteme de supraveghere video etc.) \u00een vederea \u00eendeplinirii obliga\u0163iilor legale \u015fi desf\u0103\u015fur\u0103rii activit\u0103\u0163ii curente (interes legitim).<\/p><p>Prin citirea prezentelor prevederi, \u015fi\/sau semnarea oric\u0103rui document prin care sunt furnizate date personale c\u0103tre CCINA, ori prin furnizarea datelor personale \u00een vederea acces\u0103rii serviciilor CCINA sau particip\u0103rii\/achizi\u0163ion\u0103rii de bilete\/achit\u0103rii tarifului pentru participare la evenimentele organizate de CCINA \u015fi sau \u00een incinta CCINA Business Center, persoanele vizate sunt informate \u015fi\/sau \u00ee\u015fi exprima \u00een mod expres consim\u0163\u0103m\u00e2ntul (\u00ee\u015fi dau acordul) cu privire la prelucrarea datelor personale \u00een conformitate cu dispozi\u0163iile legale privind protec\u0163ia persoanelor fizice \u00een ceea ce prive\u015fte prelucrarea datelor cu caracter personal \u015fi libera circula\u0163ie a acestor date (legisla\u0163ia intern\u0103 \u015fi dreptul comunitar-UE).&nbsp; &nbsp;<\/p><p>\u00cen cazul \u00een care prelucrarea datelor nu mai este necesara pentru oferirea unui serviciu, pentru \u00eendeplinirea unei obliga\u0163ii legale, \u015fi nici nu este justificat\u0103 de un interes legitim al CCINA&nbsp;&nbsp; persoanele vizate pot refuza o astfel de prelucrare sau \u00ee\u015fi pot retrage consim\u0163\u0103m\u00e2ntul dat anterior, refuzul urm\u00e2nd s\u0103 produc\u0103 efecte pentru viitor. Spre exemplu, Persoanele vizate \u00ee\u015fi pot retrage consim\u0163\u0103m\u00e2ntul pentru prelucrarea datelor \u00een scop de marketing direct, oric\u00e2nd \u015fi f\u0103r\u0103 s\u0103 fie necesar s\u0103 indice un motiv. Ulterior solu\u0163ion\u0103rii cererii de retragere a consim\u0163\u0103m\u00e2ntului, persoana vizat\u0103 nu va mai primi inform\u0103ri comerciale cu privire la evenimentele\/t\u00e2rgurile\/serviciile oferite de CCINA.<\/p><h2 class=\"wp-block-heading\">Scopul colect\u0103rii datelor cu caracter personal este:<\/h2><ul class=\"wp-block-list\"><li>\u00cendeplinirea atribu\u0163iilor legale ale CCINA si informarea cu privire la actiunile organizate de CCINA;<\/li>\n\n<li>Organizarea de t\u00e2rguri, expozi\u0163ii, saloane \u015fi alte manifest\u0103ri\/evenimente specializate;<\/li>\n\n<li>Derularea activit\u0103\u0163ii comerciale\/contractuale a CCINA;<\/li>\n\n<li>Facturarea \u015fi \u00eencasarea valorii serviciilor oferite de\u00a0 CCINA;<\/li>\n\n<li>Marketing, promovare, reclam\u0103, publicitate, concursuri, loterii publicitare, inclusiv transmiterea de oferte comerciale generale sau personalizate; dezvoltarea \u015fi \u00eembun\u0103t\u0103\u0163irea serviciilor;<\/li>\n\n<li>Management opera\u0163ional;<\/li>\n\n<li>Gestionarea rela\u0163iilor cu clien\u0163ii; comunicarea comercial\u0103 cu clien\u0163ii\/furnizorii prin orice mijloc de comunicare;<\/li>\n\n<li>\u00cendeplinirea obliga\u0163iilor legale incidente;<\/li>\n\n<li>Comunicarea cu organismele\/autorit\u0103\u0163ile\/institu\u0163iile publice sau de interes public;<\/li>\n\n<li>Activit\u0103\u0163i de audit \u015fi control\/supraveghere;<\/li>\n\n<li>Arhivare, scopuri statistice;<\/li>\n\n<li>Colectare debite\/Recuperare debite restante;<\/li>\n\n<li>Solu\u0163ionarea disputelor \u015fi litigiilor, punerea \u00een executare a unor hot\u0103r\u00e2ri judec\u0103tore\u015fti, arbitrale, ordine judec\u0103tore\u015fti etc..<\/li><\/ul><p>CCINA va considera toate informa\u0163iile colectate de la dumneavoastr\u0103 ca fiind confiden\u0163iale \u015fi nu le va partaja cu ter\u0163i (cu excep\u0163ia organizatorilor\/co-organizatorilor unor evenimente organizate de CCINA \u015fi sau \u00een incinta CCINA \u015fi\/sau partenerilor de afaceri, a\u015fa cum este aceasta situa\u0163ie descris\u0103 mai jos) f\u0103r\u0103 consim\u0163\u0103m\u00e2ntul dumneavoastr\u0103 expres \u015fi anterior.<\/p><h2 class=\"wp-block-heading\">Destinatarii datelor pot fi chiar persoanele (vizate) care au furnizat datele persoane, dup\u0103 cum urmeaz\u0103:<\/h2><ul class=\"wp-block-list\"><li>Clien\u0163i persoane fizice ai CCINA (actuali, fo\u015fti sau poten\u0163iali), vizitatori, public larg, reprezentan\u0163i\/\u00eemputernici\u0163ii acestora, legali sau conven\u0163ionali (pentru scopul derul\u0103rii raporturilor comerciale\/contractuale);<\/li>\n\n<li>Expozan\u0163i, co-expozan\u0163i, organizatori, co-organizatori, locatari, furnizori, prestatori \u015fi alte entit\u0103\u0163i juridice-parteneri de afaceri\/contractuali ai CCINA, autorit\u0103\u0163i\/institu\u0163ii publice;<\/li><\/ul><h2 class=\"wp-block-heading\">Destinatarii (al\u0163ii dec\u00e2t persoanele vizate) datelor pot fi:<\/h2><ul class=\"wp-block-list\"><li>Autorit\u0103\u0163i publice centrale \u015fi locale, autorit\u0103\u0163i judec\u0103tore\u015fti, politie, parchet (\u00een limitele prevederilor legale \u015fi\/sau ca urmare a unor cereri expres formulate), societ\u0103\u0163i bancare, executori judec\u0103tore\u015fti,\u00a0 societ\u0103\u0163i de asigurare \u015fi reasigurare, organiza\u0163ii de cercetare a pie\u0163ei (scop statistic) etc.<\/li><\/ul><h2 class=\"wp-block-heading\">Prelucrarea datelor cu caracter personal in scop promo\u0163ional (marketing)<\/h2><p>Datele cu caracter personal furnizate de persoanele vizate (cum ar fi: nume \u015fi prenume, adresa de e-mail, nr. fax, nr. telefon mobil\/fix) vor putea fi prelucrate de CCINA cu respectarea drepturilor acestora, \u00een special a dreptului de informare \u015fi opozi\u0163ie, \u00een urm\u0103toarele scopuri: marketing (inclusiv marketing direct), concursuri, loterii publicitare, efectuarea de comunic\u0103ri comerciale pentru serviciile CCINA, inclusiv cele dezvoltate \u00eempreun\u0103 cu un partener CCINA prin orice mijloc de comunicare, inclusiv prin intermediul serviciilor de comunica\u0163ii electronice. Datele cu caracter&nbsp; personal furnizate de persoanele vizate vor putea fi folosite \u00een scop promo\u0163ional (marketing) \u015fi pentru produsele sau serviciile altor parteneri ai CCINA, cu respectarea drepturilor persoanelor vizate.<\/p><p>\u00cen cazul \u00een care CCINA inten\u0163ioneaz\u0103 s\u0103 utilizeze datele dumneavoastr\u0103 \u00een scopuri de marketing direct, (dup\u0103 ce persoanele vizata au optat \u00een acest sens) persoanele vizate vor fi informate \u00een prealabil. Persoanele vizate \u00ee\u015fi pot exercita dreptul de prevenire a unei asemenea prelucr\u0103ri prin selectarea casetelor adecvate din formularele\/documentele utilizate pentru colectarea datelor cu caracter personal.<\/p><p>Indiferent de situa\u0163ie, \u00een cazul \u00een care ve\u0163i dori ca datele cu caracter personal s\u0103 \u00eenceteze a mai fi prelucrate de CCINA, ne pute\u0163i solicita \u00een mod expres \u00eencetarea oric\u0103rei prelucr\u0103ri de date din partea noastr\u0103. Totodat\u0103, atunci c\u00e2nd ve\u0163i dori s\u0103 nu mai primi\u0163i newslettere sau materiale informative din partea CCINA, va pute\u0163i dezabona folosind butonul &#8222;Dezabonare&#8221; sau \u201eUnsubscribe\u201d sau puteti trimite o solicitare scrisa in acest sens.<\/p><h2 class=\"wp-block-heading\">Prelucrarea datelor cu caracter personal cu func\u0163ie de identificare general\u0103.<\/h2><p>Datele cu caracter personal cu func\u0163ie de identificare general\u0103 (Codul numeric personal &#8211; CNP, seria \u015fi num\u0103rul actului de identitate\/pa\u015faportului etc.) vor fi prelucrate, exclusiv \u00een situa\u0163iile \u00een care este necesar\u0103 stabilirea identit\u0103\u0163ii persoanelor vizate \u015fi prelucrarea este prev\u0103zut\u0103 \u00een mod expres de o dispozi\u0163ie legala\/contractual\u0103.<\/p><h2 class=\"wp-block-heading\">Prelucrarea datelor cu caracter personal prin intermediul sistemelor de supraveghere video<\/h2><p>CCINA, prin intermediul sistemelor de supraveghere video, prelucreaz\u0103 datele cu caracter personal, respectiv imaginea \u015fi alte informa\u0163ii ce permit identificarea persoanelor vizate.<\/p><p>Imaginile referitoare la persoane identificate sau identificabile, prelucrate prin mijloace de supraveghere video, constituie date cu caracter personal:<\/p><ol class=\"wp-block-list\"><li>chiar dac\u0103 nu sunt asociate cu datele de identificare ale persoanei, sau<\/li>\n\n<li>chiar dac\u0103 nu con\u0163in imaginea persoanei filmate, ci alte informa\u0163ii de natur\u0103 s\u0103 conduc\u0103 la identificarea acesteia (ex: num\u0103rul de \u00eenmatriculare al vehiculului).<\/li><\/ol><p>Scopul prelucr\u0103rii datelor personale consta \u00een: monitorizarea\/securitatea persoanelor, spatiilor \u015fi\/sau bunurilor private, prevenirea \u015fi combaterea infrac\u0163iunilor, \u00eendeplinirea obliga\u0163iilor legale \u015fi realizarea intereselor legitime.<\/p><p>Informa\u0163iile \u00eenregistrate sunt destinate utiliz\u0103rii de c\u0103tre CCINA \u015fi pot fi comunicate numai urm\u0103torilor destinatari: persoana vizat\u0103, reprezentan\u0163ii legali\/\u00eemputernici\u0163ii persoanei vizate, reprezentan\u0163ii autoriza\u0163i CCINA, organele de urm\u0103rire\/cercetare penal\u0103, instan\u0163e judec\u0103tore\u015fti, \u00een conformitate cu prevederile legisla\u0163iei interne \u015fi comunitare aplicabile atribu\u0163iilor CCINA.<br>Durata de stocare a datelor ob\u0163inute prin intermediul sistemului de supraveghere video este de 20 de zile, cu excep\u0163ia situa\u0163iilor expres reglementate de lege sau a cazurilor temeinic justificate. La expirarea termenului \u00eenregistr\u0103rile se distrug sau se \u015fterg.<\/p><p>\u00cen rela\u0163ia cu CCINA, persoanele vizate, beneficiaz\u0103 conform prevederilor legale aplicabile de urm\u0103toarele drepturi: dreptul de acces, dreptul la rectificare, dreptul la \u015ftergerea datelor, dreptul la restric\u0163ionarea prelucr\u0103rii, dreptul la portabilitatea datelor, dreptul la opozi\u0163ie si procesul decizional individual automatizat.<\/p><h2 class=\"wp-block-heading\">Durata prelucr\u0103rii datelor cu caracter personal<\/h2><p>\u00cen vederea realiz\u0103rii scopului men\u0163ionat, CCINA va prelucra datele cu caracter personal pe toat\u0103 perioada de \u00eendeplinire a atribu\u0163iilor, p\u00e2n\u0103 \u00een momentul \u00een care persoana vizat\u0103, sau reprezentantul legal, va manifesta dreptul de opozi\u0163ie\/ de \u015ftergere (cu excep\u0163ia situa\u0163iei \u00een care CCINA prelucreaz\u0103 datele \u00een baza unei obliga\u0163ii legale sau justific\u0103 un interes legitim). Ulterior \u00eencheierii opera\u0163iunilor de prelucrare a datelor cu caracter personal, \u00een scopul pentru care au fost colectate, dac\u0103 persoana vizat\u0103 sau reprezentantul legal al acesteia nu va manifesta dreptul de opozi\u0163ie\/de \u015ftergere, conform legii, aceste date vor fi arhivate de c\u0103tre CCINA pe durata de timp prev\u0103zut\u0103 \u00een procedurile interne CCINA \u015fi\/sau vor fi distruse.<br>Pentru a evita utilizarea f\u0103r\u0103 drept a datelor personale, precum \u015fi eventualele abuzuri, utiliz\u0103m metode \u015fi tehnologii de securitate, \u00eempreun\u0103 cu politici \u015fi proceduri de lucru adecvate, pentru a proteja datele cu caracter personal colectate.<br>Securitatea integrala a datelor transmise prin internet nu poate fi niciodat\u0103 garantat\u0103. \u00cen timp ce CCINA depune toate eforturile \u00een privin\u0163a protej\u0103rii datelor personale, nu poate fi garantata \u00een mod absolut securitatea datelor transmise c\u0103tre website-urile CCINA. Orice transmisie de date se face pe riscul persoanelor vizate. Odat\u0103 ce sunt primite date personale, CCINA utilizeaz\u0103 proceduri \u015fi m\u0103suri stricte de siguran\u0163\u0103 \u00eempotriva utiliz\u0103rii neautorizate, nelegale, distrugerii, pierderii accidentale sau divulg\u0103rii datelor personale.<\/p><p>Niciun program de securizare a informa\u0163iilor nu este infailibil.<\/p><p>\u00cen cazul pla\u0163ilor efectuate cu cardul (exemplu: achizi\u0163ionare servicii\/achitare tarif online), comercializarea se efectueaz\u0103 prin intermediul solu\u0163iilor de plat\u0103 online oferite de ter\u0163i autoriza\u0163i \u00een rela\u0163ia cu CCINA. \u00cen vederea elimin\u0103rii riscului ca datele cu caracter personal s\u0103 intre \u00een posesia \u015fi s\u0103 fie folosite abuziv\/nelegal de persoane neautorizate, ter\u0163ii autoriza\u0163i \u00een rela\u0163ia cu CCINA garanteaz\u0103 legalitatea \u015fi securitatea datelor personale (num\u0103r de card, data expir\u0103rii etc.) \u015fi a sistemelor informatice utilizate.<\/p><p>Transferurile de date \u00een afara spa\u0163iului UE \u015fi al Zonei economice-europene se pot face numai \u00een condi\u0163iile prev\u0103zute de legisla\u0163ia specifica na\u0163ional\u0103 \u015fi UE privind protec\u0163ia persoanelor fizice \u00een ceea ce prive\u015fte prelucrarea datelor cu caracter personal \u015fi privind libera circula\u0163ie a acestora.<\/p><p>Prin citirea acestui document, Persoanele vizate au fost informate cu privire la drepturile de care beneficiaz\u0103, conform prevederilor legale aplicabile, respectiv: dreptul de acces, dreptul la rectificare, dreptul la \u015ftergerea datelor, dreptul la restric\u0163ionarea prelucr\u0103rii, dreptul la portabilitatea datelor, dreptul la opozi\u0163ie \u015fi procesul decizional individual automatizat.&nbsp; Totodat\u0103, atunci c\u00e2nd prelucrarea se realizeaz\u0103 pe consim\u0163\u0103m\u00e2nt, persoanele vizate au dreptul, de a-\u015fi retrage consim\u0163\u0103m\u00e2ntul \u00een orice moment \u00een forma scris\u0103, adresata CCINA, \u00een condi\u0163iile legisla\u0163iei aplicabile, f\u0103r\u0103 a afecta legalitatea prelucr\u0103rii efectuate pe baza consim\u0163\u0103m\u00e2ntului \u00eenainte de retragerea acestuia.<\/p><p>De asemenea, persoanele vizate au dreptul de a se opune \u00een orice moment, \u00een mod gratuit \u015fi f\u0103r\u0103 nicio justificare, prelucr\u0103rii datelor personale \u00een scop de marketing direct, utiliz\u00e2nd, dac\u0103 este cazul, func\u0163ia de dezabonare inclus\u0103 \u00een materialele de marketing.<\/p><p>Pentru celelalte scopuri, persoanele vizate au dreptul de a se opune, \u00een orice moment, \u00een mod gratuit, ca datele cu caracter personal pe care le furnizeaz\u0103 c\u0103tre CCINA s\u0103 fac\u0103 obiectul unei prelucr\u0103ri, cu men\u0163ionarea datelor \u015fi scopului avute \u00een vedere, numai pentru motive \u00eentemeiate \u015fi legitime, legate de situa\u0163ia sa particular\u0103, cu excep\u0163ia cazurilor \u00een care CCINA&nbsp; demonstreaz\u0103 c\u0103 are motive legitime \u015fi imperioase care justific\u0103 prelucrarea \u015fi care prevaleaz\u0103 intereselor, drepturilor \u015fi libert\u0103\u0163ilor persoanei vizate sau c\u0103 scopul este constatarea, exercitarea sau ap\u0103rarea unui drept \u00een instan\u0163a. \u00cen caz de opozi\u0163ie nejustificat\u0103, CCINA este \u00eendrept\u0103\u0163it\u0103 s\u0103 prelucreze \u00een continuare datele \u00een cauz\u0103.<br><br>Prin citirea acestui document persoanele vizate au luat la cuno\u015ftin\u0163a \u015fi \u00een\u0163eleg faptul c\u0103 datele cu caracter personal furnizate c\u0103tre CCINA constituie elemente determinante pentru accesarea serviciilor oferite de CCINA \u015fi\/sau \u00eendeplinirea atribu\u0163iilor legale \u015fi\/sau obliga\u0163ilor legale\/contractuale.<\/p><p>\u00cen cazul \u00een care, persoanele vizate, direct sau prin reprezentant, \u00ee\u015fi exercit\u0103 drepturile men\u0163ionate mai sus, \u00een mod v\u0103dit nefondat, nejustificat sau excesiv, \u00een special din cauza caracterului lor repetitiv, CCINA poate:<\/p><ul class=\"wp-block-list\"><li>fie s\u0103 perceap\u0103 o tax\u0103 rezonabil\u0103 \u0163in\u00e2nd cont de costurile administrative pentru furnizarea informa\u0163iilor sau a comunic\u0103rii sau pentru luarea masurilor solicitate;<\/li>\n\n<li>fie s\u0103 refuze s\u0103 dea curs cererii.<\/li><\/ul><p>De asemenea, \u00een cazul \u00een care persoanele vizate, direct sau prin reprezentant, \u00ee\u015fi exercit\u0103 dreptul de opozi\u0163ie \u00een mod v\u0103dit nefondat, nejustificat sau excesiv, \u00een special din cauza caracterului lor repetitiv, CCINA este \u00eendrept\u0103\u0163it\u0103 s\u0103 considere Contractul \u00eencheiat cu Clientul CCINA de drept reziliat, f\u0103r\u0103 nicio alt\u0103 formalitate sau interven\u0163ie a instan\u0163elor judec\u0103tore\u015fti, cu excep\u0163ia unei notific\u0103ri prealabile.<\/p><p>Pentru exercitarea acestor drepturi, persoanele vizate se pot adresa responsabilului de protec\u0163ia datelor din cadrul CCINA cu o cerere scris\u0103, datat\u0103 \u015fi semnat\u0103 la adresa de e-mail: dpo@ccina.ro sau la urm\u0103toarea adres\u0103 de coresponden\u0163\u0103: CCINA, b-dul Alexandru Lapusneanu nr. 185A. Cererii i se va anexa o copie lizibil\u0103 a actului de identitate al semnatarului.<\/p><p>De asemenea, persoanelor vizate le este recunoscut dreptul de a depune o pl\u00e2ngere \u00een fa\u0163a unei autorit\u0103\u0163i de supraveghere \u015fi de a introduce o cale de atac judiciar\u0103.&nbsp;<\/p>","protected":false},"excerpt":{"rendered":"<p>TERMENI SI CONDI\u0162II GENERALE TEHNICE \u015eI DE PARTICIPARE Condi\u0163ii generale: I. PROTEC\u0162IA DATELOR CU CARACTER PERSONAL Prezenta sec\u0163iune stabile\u015fte condi\u0163iile de prelucrare a datelor cu caracter personal aplicabile tuturor clien\u0163ilor (expozan\u0163i, co-expozan\u0163i, organizatori, co-organizatori, locatari, furnizori etc.), partenerilor, vizitatorilor, reprezentan\u0163ilor acestora precum \u015fi publicului larg care viziteaz\u0103, indiferent de calitatea \u00een care o fac, imobilul [&hellip;]<\/p>","protected":false},"author":3,"featured_media":0,"parent":0,"menu_order":0,"comment_status":"closed","ping_status":"closed","template":"","meta":{"footnotes":""},"class_list":["post-6427","page","type-page","status-publish","hentry"],"_links":{"self":[{"href":"https:\/\/camera.rnmp.ro\/en\/wp-json\/wp\/v2\/pages\/6427","targetHints":{"allow":["GET"]}}],"collection":[{"href":"https:\/\/camera.rnmp.ro\/en\/wp-json\/wp\/v2\/pages"}],"about":[{"href":"https:\/\/camera.rnmp.ro\/en\/wp-json\/wp\/v2\/types\/page"}],"author":[{"embeddable":true,"href":"https:\/\/camera.rnmp.ro\/en\/wp-json\/wp\/v2\/users\/3"}],"replies":[{"embeddable":true,"href":"https:\/\/camera.rnmp.ro\/en\/wp-json\/wp\/v2\/comments?post=6427"}],"version-history":[{"count":1,"href":"https:\/\/camera.rnmp.ro\/en\/wp-json\/wp\/v2\/pages\/6427\/revisions"}],"predecessor-version":[{"id":6428,"href":"https:\/\/camera.rnmp.ro\/en\/wp-json\/wp\/v2\/pages\/6427\/revisions\/6428"}],"wp:attachment":[{"href":"https:\/\/camera.rnmp.ro\/en\/wp-json\/wp\/v2\/media?parent=6427"}],"curies":[{"name":"wp","href":"https:\/\/api.w.org\/{rel}","templated":true}]}}