{"id":6431,"date":"2025-03-27T14:40:26","date_gmt":"2025-03-27T12:40:26","guid":{"rendered":"https:\/\/camera.rnmp.ro\/?page_id=6431"},"modified":"2025-03-27T14:41:26","modified_gmt":"2025-03-27T12:41:26","slug":"ccina-iso","status":"publish","type":"page","link":"https:\/\/camera.rnmp.ro\/en\/ccina-iso\/","title":{"rendered":"SR EN ISO 9001:2015"},"content":{"rendered":"<p>Camera de Comer\u0163, Industrie, Naviga\u0163ie \u015fi Agricultur\u0103 Constan\u0163a a stabilit un sistem de management al calit\u0103\u0163ii, \u00een conformitate cu cerin\u0163ele standardului SR EN ISO 9001:2015 \u015fi descris \u00een Manualul Calit\u0103\u0163ii.<\/p><h2 class=\"wp-block-heading\">Prin implementarea sistemului de management, conducerea de la cel mai \u00eenalt nivel se angajeaz\u0103 pentru:<\/h2><ul class=\"wp-block-list\"><li>satisfacerea nevoilor \u015fi astept\u0103rilor clien\u0163ilor;<\/li>\n\n<li>sus\u0163inerea direc\u0163iei strategice adecvate scopului \u015fi contextului organiza\u0163iei;<\/li>\n\n<li>asigurarea infrastructurii \u015fi a unui mediu de lucru adecvat pentru desf\u0103\u015furarea corespunz\u0103toare a tuturor proceselor \u015fi a resurselor necesare pentru atingerea obiectivelor de calitate stabilite;<\/li>\n\n<li>conformarea cu legisla\u0163ia \u00een vigoare aplicabile activit\u0103\u0163ilor desf\u0103\u015furate;<\/li>\n\n<li>\u00eembun\u0103t\u0103\u0163irea continu\u0103 a eficacit\u0103\u0163ii sistemului de management al calit\u0103\u0163ii;<\/li>\n\n<li>asigurarea cadrului pentru stabilirea obiectivelor referitoare la calitate.<\/li><\/ul><p>Obiectivele generale sunt stabilite de c\u0103tre conducerea Camerei de Comer\u0163, Industrie, Naviga\u0163ie \u015fi Agricultur\u0103 Constan\u0163a \u015fi sunt analizate de management pentru a asigura adecvarea acestora.<\/p><p>Obiectivele generale fundamenteaz\u0103 obiectivele specifice proceselor, care se realizeaz\u0103 \u00een conformitate cu programul de management al calit\u0103\u0163ii. Pentru realizarea obiectivelor specifice sunt alocate resurse materiale, financiare \u015fi umane.<br>Conducerea Camerei de Comer\u0163, Industrie, Naviga\u0163ie \u015fi Agricultur\u0103 Constan\u0163a urm\u0103re\u015fte \u015fi r\u0103spunde de \u00eendeplinirea politicii privind calitatea.<\/p><p>Autoritatea \u015fi responsabilitatea pentru stabilirea, implementarea \u015fi men\u0163inerea sistemului integrat de management sunt delegate reprezentantului conducerii cu SMC.<\/p><p>Conducerea Camerei de Comer\u0163, Industrie, Naviga\u0163ie \u015fi Agricultur\u0103 Constan\u0163a se asigur\u0103 prin intermediul reprezentantului conducerii cu SMC, c\u0103 prevederile Manualului Sistemului Integrat de Management al Calit\u0103\u0163ii, c\u00e2t \u015fi a celorlalte documente ale sistemului de management sunt cunoscute, \u00eensu\u015fite \u015fi aplicate de \u00eentreg personalul Camerei de Comer\u0163, Industrie, Naviga\u0163ie \u015fi Agricultur\u0103 Constan\u0163a.<\/p><p>Managementul la cel mai \u00eenalt nivel se asigur\u0103 c\u0103 politica \u015fi obiectivele privind calitatea sunt disponibile pentru to\u0163i angaja\u0163ii societ\u0103\u0163ii \u015fi pentru public.<\/p><h3 class=\"wp-block-heading\">Obiective generale:<\/h3><ol class=\"wp-block-list\"><li>Cre\u015fterea reprezentativit\u0103\u0163ii Camerei de Comer\u0163, Industrie, Naviga\u0163ie \u015fi Agricultur\u0103 Constan\u0163a.<\/li>\n\n<li>Cre\u015fterea satisfac\u0163iei clien\u0163ilor participan\u0163i la evenimentele organizate.<\/li>\n\n<li>Asigurarea unui echilibru financiar al Camerei de Comer\u0163, Industrie, Naviga\u0163ie \u015fi Agricultur\u0103 Constan\u0163a<\/li><\/ol><p>Mihai Daraban<br>Pre\u015fedinte al Camerei de Comer\u0163, Industrie, Naviga\u0163ie \u015fi Agricultur\u0103 Constan\u0163a<\/p>","protected":false},"excerpt":{"rendered":"<p>Camera de Comer\u0163, Industrie, Naviga\u0163ie \u015fi Agricultur\u0103 Constan\u0163a a stabilit un sistem de management al calit\u0103\u0163ii, \u00een conformitate cu cerin\u0163ele standardului SR EN ISO 9001:2015 \u015fi descris \u00een Manualul Calit\u0103\u0163ii. Prin implementarea sistemului de management, conducerea de la cel mai \u00eenalt nivel se angajeaz\u0103 pentru: Obiectivele generale sunt stabilite de c\u0103tre conducerea Camerei de Comer\u0163, [&hellip;]<\/p>","protected":false},"author":3,"featured_media":0,"parent":0,"menu_order":0,"comment_status":"closed","ping_status":"closed","template":"","meta":{"footnotes":""},"class_list":["post-6431","page","type-page","status-publish","hentry"],"_links":{"self":[{"href":"https:\/\/camera.rnmp.ro\/en\/wp-json\/wp\/v2\/pages\/6431","targetHints":{"allow":["GET"]}}],"collection":[{"href":"https:\/\/camera.rnmp.ro\/en\/wp-json\/wp\/v2\/pages"}],"about":[{"href":"https:\/\/camera.rnmp.ro\/en\/wp-json\/wp\/v2\/types\/page"}],"author":[{"embeddable":true,"href":"https:\/\/camera.rnmp.ro\/en\/wp-json\/wp\/v2\/users\/3"}],"replies":[{"embeddable":true,"href":"https:\/\/camera.rnmp.ro\/en\/wp-json\/wp\/v2\/comments?post=6431"}],"version-history":[{"count":2,"href":"https:\/\/camera.rnmp.ro\/en\/wp-json\/wp\/v2\/pages\/6431\/revisions"}],"predecessor-version":[{"id":6433,"href":"https:\/\/camera.rnmp.ro\/en\/wp-json\/wp\/v2\/pages\/6431\/revisions\/6433"}],"wp:attachment":[{"href":"https:\/\/camera.rnmp.ro\/en\/wp-json\/wp\/v2\/media?parent=6431"}],"curies":[{"name":"wp","href":"https:\/\/api.w.org\/{rel}","templated":true}]}}