{"id":730,"date":"2020-07-29T02:27:29","date_gmt":"2020-07-29T02:27:29","guid":{"rendered":"https:\/\/camera.rnmp.ro\/?page_id=730"},"modified":"2025-03-25T17:43:56","modified_gmt":"2025-03-25T17:43:56","slug":"membri","status":"publish","type":"page","link":"https:\/\/camera.rnmp.ro\/en\/membri\/","title":{"rendered":"Membri"},"content":{"rendered":"<div data-elementor-type=\"wp-page\" data-elementor-id=\"730\" class=\"elementor elementor-730\">\n\t\t\t\t\t\t<section class=\"elementor-section elementor-top-section elementor-element elementor-element-3e771da elementor-section-boxed elementor-section-height-default elementor-section-height-default\" data-id=\"3e771da\" data-element_type=\"section\">\n\t\t\t\t\t\t<div class=\"elementor-container elementor-column-gap-default\">\n\t\t\t\t\t<div class=\"elementor-column elementor-col-100 elementor-top-column elementor-element elementor-element-e9517f9\" data-id=\"e9517f9\" data-element_type=\"column\">\n\t\t\t<div class=\"elementor-widget-wrap elementor-element-populated\">\n\t\t\t\t\t\t<div class=\"elementor-element elementor-element-00b452f elementor-widget elementor-widget-ova_heading\" data-id=\"00b452f\" data-element_type=\"widget\" data-widget_type=\"ova_heading.default\">\n\t\t\t\t<div class=\"elementor-widget-container\">\n\t\t\t\t\t\t\t<div class=\"ova-heading\">\n\t\t\t\n\t\t\t\t\t\t\t<h3 class=\"title second_font\">MEMBERS<br> CCINA Constan\u021ba<\/h3>\n\t\t\t\n\t\t\t\t\t\t\t<p class=\"sub-title\">Dezvoltarea rela\u0163iei cu membrii este esen\u0163ial\u0103 pentru institu\u0163ia noastr\u0103. <br>\nMembrii Camerei ne inspir\u0103 \u015fi ne dau energia de a sus\u021bine, cu rezultate c\u00e2t mai bune, mediul de afaceri din jude\u0163ul Constan\u0163a.<\/p>\n\t\t\t\n\t\t<\/div>\n\t\t\t\t\t\t<\/div>\n\t\t\t\t<\/div>\n\t\t\t\t\t<\/div>\n\t\t<\/div>\n\t\t\t\t\t<\/div>\n\t\t<\/section>\n\t\t<div class=\"elementor-element elementor-element-4f5aee2 e-flex e-con-boxed e-con e-parent\" data-id=\"4f5aee2\" data-element_type=\"container\">\n\t\t\t\t\t<div class=\"e-con-inner\">\n\t\t<div class=\"elementor-element elementor-element-c36fe22 e-con-full e-flex e-con e-child\" data-id=\"c36fe22\" data-element_type=\"container\">\n\t\t\t\t<div class=\"elementor-element elementor-element-31e9f14 animated-fast elementor-invisible elementor-widget elementor-widget-image\" data-id=\"31e9f14\" data-element_type=\"widget\" data-settings=\"{&quot;_animation&quot;:&quot;fadeIn&quot;}\" data-widget_type=\"image.default\">\n\t\t\t\t<div class=\"elementor-widget-container\">\n\t\t\t\t\t\t\t\t\t\t\t\t\t\t\t\t<a href=\"\/en\/product\/nivel-de-baza\/\">\n\t\t\t\t\t\t\t<img fetchpriority=\"high\" decoding=\"async\" width=\"1024\" height=\"683\" src=\"https:\/\/camera.rnmp.ro\/wp-content\/uploads\/2025\/03\/pachete-membru-1024x683.jpg\" class=\"attachment-large size-large wp-image-6141\" alt=\"\" srcset=\"https:\/\/camera.rnmp.ro\/wp-content\/uploads\/2025\/03\/pachete-membru-1024x683.jpg 1024w, https:\/\/camera.rnmp.ro\/wp-content\/uploads\/2025\/03\/pachete-membru-300x200.jpg 300w, https:\/\/camera.rnmp.ro\/wp-content\/uploads\/2025\/03\/pachete-membru-768x512.jpg 768w, https:\/\/camera.rnmp.ro\/wp-content\/uploads\/2025\/03\/pachete-membru-18x12.jpg 18w, https:\/\/camera.rnmp.ro\/wp-content\/uploads\/2025\/03\/pachete-membru-600x400.jpg 600w, https:\/\/camera.rnmp.ro\/wp-content\/uploads\/2025\/03\/pachete-membru-560x373.jpg 560w, https:\/\/camera.rnmp.ro\/wp-content\/uploads\/2025\/03\/pachete-membru.jpg 1200w\" sizes=\"(max-width: 1024px) 100vw, 1024px\" \/>\t\t\t\t\t\t\t\t<\/a>\n\t\t\t\t\t\t\t\t\t\t\t\t\t\t\t<\/div>\n\t\t\t\t<\/div>\n\t\t\t\t<div class=\"elementor-element elementor-element-7925379 elementor-widget elementor-widget-ova_heading\" data-id=\"7925379\" data-element_type=\"widget\" data-widget_type=\"ova_heading.default\">\n\t\t\t\t<div class=\"elementor-widget-container\">\n\t\t\t\t\t\t\t<div class=\"ova-heading\">\n\t\t\t\n\t\t\t\t\t\t\t<h3 class=\"title second_font\">Nivel de Baz\u0103<\/h3>\n\t\t\t\n\t\t\t\t\t\t\t<p class=\"sub-title\">Cotiza\u021bie anual\u0103: 500 lei<\/p>\n\t\t\t\n\t\t<\/div>\n\t\t\t\t\t\t<\/div>\n\t\t\t\t<\/div>\n\t\t\t\t<div class=\"elementor-element elementor-element-0e3cb1e elementor-align-center elementor-widget elementor-widget-button\" data-id=\"0e3cb1e\" data-element_type=\"widget\" data-widget_type=\"button.default\">\n\t\t\t\t<div class=\"elementor-widget-container\">\n\t\t\t\t\t\t\t\t\t<div class=\"elementor-button-wrapper\">\n\t\t\t\t\t<a class=\"elementor-button elementor-button-link elementor-size-sm\" href=\"\/en\/product\/nivel-de-baza\/\">\n\t\t\t\t\t\t<span class=\"elementor-button-content-wrapper\">\n\t\t\t\t\t\t\t\t\t<span class=\"elementor-button-text\">ALEGE OFERTA<\/span>\n\t\t\t\t\t<\/span>\n\t\t\t\t\t<\/a>\n\t\t\t\t<\/div>\n\t\t\t\t\t\t\t\t<\/div>\n\t\t\t\t<\/div>\n\t\t\t\t<\/div>\n\t\t<div class=\"elementor-element elementor-element-364eb77 e-con-full e-flex e-con e-child\" data-id=\"364eb77\" data-element_type=\"container\">\n\t\t\t\t<div class=\"elementor-element elementor-element-6de2e9c animated-fast elementor-invisible elementor-widget elementor-widget-image\" data-id=\"6de2e9c\" data-element_type=\"widget\" data-settings=\"{&quot;_animation&quot;:&quot;fadeIn&quot;}\" data-widget_type=\"image.default\">\n\t\t\t\t<div class=\"elementor-widget-container\">\n\t\t\t\t\t\t\t\t\t\t\t\t\t\t\t\t<a href=\"\/en\/product\/nivel-de-bronz\/\">\n\t\t\t\t\t\t\t<img fetchpriority=\"high\" decoding=\"async\" width=\"1024\" height=\"683\" src=\"https:\/\/camera.rnmp.ro\/wp-content\/uploads\/2025\/03\/pachete-membru-1024x683.jpg\" class=\"attachment-large size-large wp-image-6141\" alt=\"\" srcset=\"https:\/\/camera.rnmp.ro\/wp-content\/uploads\/2025\/03\/pachete-membru-1024x683.jpg 1024w, https:\/\/camera.rnmp.ro\/wp-content\/uploads\/2025\/03\/pachete-membru-300x200.jpg 300w, https:\/\/camera.rnmp.ro\/wp-content\/uploads\/2025\/03\/pachete-membru-768x512.jpg 768w, https:\/\/camera.rnmp.ro\/wp-content\/uploads\/2025\/03\/pachete-membru-18x12.jpg 18w, https:\/\/camera.rnmp.ro\/wp-content\/uploads\/2025\/03\/pachete-membru-600x400.jpg 600w, https:\/\/camera.rnmp.ro\/wp-content\/uploads\/2025\/03\/pachete-membru-560x373.jpg 560w, https:\/\/camera.rnmp.ro\/wp-content\/uploads\/2025\/03\/pachete-membru.jpg 1200w\" sizes=\"(max-width: 1024px) 100vw, 1024px\" \/>\t\t\t\t\t\t\t\t<\/a>\n\t\t\t\t\t\t\t\t\t\t\t\t\t\t\t<\/div>\n\t\t\t\t<\/div>\n\t\t\t\t<div class=\"elementor-element elementor-element-28a8cf3 elementor-widget elementor-widget-ova_heading\" data-id=\"28a8cf3\" data-element_type=\"widget\" data-widget_type=\"ova_heading.default\">\n\t\t\t\t<div class=\"elementor-widget-container\">\n\t\t\t\t\t\t\t<div class=\"ova-heading\">\n\t\t\t\n\t\t\t\t\t\t\t<h3 class=\"title second_font\">Nivel de Bronz<\/h3>\n\t\t\t\n\t\t\t\t\t\t\t<p class=\"sub-title\">Cotiza\u021bie anual\u0103: 1000 lei<\/p>\n\t\t\t\n\t\t<\/div>\n\t\t\t\t\t\t<\/div>\n\t\t\t\t<\/div>\n\t\t\t\t<div class=\"elementor-element elementor-element-e56e796 elementor-align-center elementor-widget elementor-widget-button\" data-id=\"e56e796\" data-element_type=\"widget\" data-widget_type=\"button.default\">\n\t\t\t\t<div class=\"elementor-widget-container\">\n\t\t\t\t\t\t\t\t\t<div class=\"elementor-button-wrapper\">\n\t\t\t\t\t<a class=\"elementor-button elementor-button-link elementor-size-sm\" href=\"\/en\/product\/nivel-de-bronz\/\">\n\t\t\t\t\t\t<span class=\"elementor-button-content-wrapper\">\n\t\t\t\t\t\t\t\t\t<span class=\"elementor-button-text\">ALEGE OFERTA<\/span>\n\t\t\t\t\t<\/span>\n\t\t\t\t\t<\/a>\n\t\t\t\t<\/div>\n\t\t\t\t\t\t\t\t<\/div>\n\t\t\t\t<\/div>\n\t\t\t\t<\/div>\n\t\t<div class=\"elementor-element elementor-element-5929995 e-con-full e-flex e-con e-child\" data-id=\"5929995\" data-element_type=\"container\">\n\t\t\t\t<div class=\"elementor-element elementor-element-762556d animated-fast elementor-invisible elementor-widget elementor-widget-image\" data-id=\"762556d\" data-element_type=\"widget\" data-settings=\"{&quot;_animation&quot;:&quot;fadeIn&quot;}\" data-widget_type=\"image.default\">\n\t\t\t\t<div class=\"elementor-widget-container\">\n\t\t\t\t\t\t\t\t\t\t\t\t\t\t\t\t<a href=\"\/en\/product\/nivel-de-argint\/\">\n\t\t\t\t\t\t\t<img fetchpriority=\"high\" decoding=\"async\" width=\"1024\" height=\"683\" src=\"https:\/\/camera.rnmp.ro\/wp-content\/uploads\/2025\/03\/pachete-membru-1024x683.jpg\" class=\"attachment-large size-large wp-image-6141\" alt=\"\" srcset=\"https:\/\/camera.rnmp.ro\/wp-content\/uploads\/2025\/03\/pachete-membru-1024x683.jpg 1024w, https:\/\/camera.rnmp.ro\/wp-content\/uploads\/2025\/03\/pachete-membru-300x200.jpg 300w, https:\/\/camera.rnmp.ro\/wp-content\/uploads\/2025\/03\/pachete-membru-768x512.jpg 768w, https:\/\/camera.rnmp.ro\/wp-content\/uploads\/2025\/03\/pachete-membru-18x12.jpg 18w, https:\/\/camera.rnmp.ro\/wp-content\/uploads\/2025\/03\/pachete-membru-600x400.jpg 600w, https:\/\/camera.rnmp.ro\/wp-content\/uploads\/2025\/03\/pachete-membru-560x373.jpg 560w, https:\/\/camera.rnmp.ro\/wp-content\/uploads\/2025\/03\/pachete-membru.jpg 1200w\" sizes=\"(max-width: 1024px) 100vw, 1024px\" \/>\t\t\t\t\t\t\t\t<\/a>\n\t\t\t\t\t\t\t\t\t\t\t\t\t\t\t<\/div>\n\t\t\t\t<\/div>\n\t\t\t\t<div class=\"elementor-element elementor-element-819f53d elementor-widget elementor-widget-ova_heading\" data-id=\"819f53d\" data-element_type=\"widget\" data-widget_type=\"ova_heading.default\">\n\t\t\t\t<div class=\"elementor-widget-container\">\n\t\t\t\t\t\t\t<div class=\"ova-heading\">\n\t\t\t\n\t\t\t\t\t\t\t<h3 class=\"title second_font\">Nivel de Argint<\/h3>\n\t\t\t\n\t\t\t\t\t\t\t<p class=\"sub-title\">Cotiza\u021bie anual\u0103: 1800 lei<\/p>\n\t\t\t\n\t\t<\/div>\n\t\t\t\t\t\t<\/div>\n\t\t\t\t<\/div>\n\t\t\t\t<div class=\"elementor-element elementor-element-fac44c0 elementor-align-center elementor-widget elementor-widget-button\" data-id=\"fac44c0\" data-element_type=\"widget\" data-widget_type=\"button.default\">\n\t\t\t\t<div class=\"elementor-widget-container\">\n\t\t\t\t\t\t\t\t\t<div class=\"elementor-button-wrapper\">\n\t\t\t\t\t<a class=\"elementor-button elementor-button-link elementor-size-sm\" href=\"\/en\/product\/nivel-de-argint\/\">\n\t\t\t\t\t\t<span class=\"elementor-button-content-wrapper\">\n\t\t\t\t\t\t\t\t\t<span class=\"elementor-button-text\">ALEGE OFERTA<\/span>\n\t\t\t\t\t<\/span>\n\t\t\t\t\t<\/a>\n\t\t\t\t<\/div>\n\t\t\t\t\t\t\t\t<\/div>\n\t\t\t\t<\/div>\n\t\t\t\t<\/div>\n\t\t<div class=\"elementor-element elementor-element-2943c73 e-con-full e-flex e-con e-child\" data-id=\"2943c73\" data-element_type=\"container\">\n\t\t\t\t<div class=\"elementor-element elementor-element-6c9cc6c animated-fast elementor-invisible elementor-widget elementor-widget-image\" data-id=\"6c9cc6c\" data-element_type=\"widget\" data-settings=\"{&quot;_animation&quot;:&quot;fadeIn&quot;}\" data-widget_type=\"image.default\">\n\t\t\t\t<div class=\"elementor-widget-container\">\n\t\t\t\t\t\t\t\t\t\t\t\t\t\t\t\t<a href=\"\/en\/product\/nivel-de-aur\/\">\n\t\t\t\t\t\t\t<img fetchpriority=\"high\" decoding=\"async\" width=\"1024\" height=\"683\" src=\"https:\/\/camera.rnmp.ro\/wp-content\/uploads\/2025\/03\/pachete-membru-1024x683.jpg\" class=\"attachment-large size-large wp-image-6141\" alt=\"\" srcset=\"https:\/\/camera.rnmp.ro\/wp-content\/uploads\/2025\/03\/pachete-membru-1024x683.jpg 1024w, https:\/\/camera.rnmp.ro\/wp-content\/uploads\/2025\/03\/pachete-membru-300x200.jpg 300w, https:\/\/camera.rnmp.ro\/wp-content\/uploads\/2025\/03\/pachete-membru-768x512.jpg 768w, https:\/\/camera.rnmp.ro\/wp-content\/uploads\/2025\/03\/pachete-membru-18x12.jpg 18w, https:\/\/camera.rnmp.ro\/wp-content\/uploads\/2025\/03\/pachete-membru-600x400.jpg 600w, https:\/\/camera.rnmp.ro\/wp-content\/uploads\/2025\/03\/pachete-membru-560x373.jpg 560w, https:\/\/camera.rnmp.ro\/wp-content\/uploads\/2025\/03\/pachete-membru.jpg 1200w\" sizes=\"(max-width: 1024px) 100vw, 1024px\" \/>\t\t\t\t\t\t\t\t<\/a>\n\t\t\t\t\t\t\t\t\t\t\t\t\t\t\t<\/div>\n\t\t\t\t<\/div>\n\t\t\t\t<div class=\"elementor-element elementor-element-56a3584 elementor-widget elementor-widget-ova_heading\" data-id=\"56a3584\" data-element_type=\"widget\" data-widget_type=\"ova_heading.default\">\n\t\t\t\t<div class=\"elementor-widget-container\">\n\t\t\t\t\t\t\t<div class=\"ova-heading\">\n\t\t\t\n\t\t\t\t\t\t\t<h3 class=\"title second_font\">Nivel de Aur<\/h3>\n\t\t\t\n\t\t\t\t\t\t\t<p class=\"sub-title\">Cotiza\u021bie anual\u0103: 3000 lei<\/p>\n\t\t\t\n\t\t<\/div>\n\t\t\t\t\t\t<\/div>\n\t\t\t\t<\/div>\n\t\t\t\t<div class=\"elementor-element elementor-element-928629a elementor-align-center elementor-widget elementor-widget-button\" data-id=\"928629a\" data-element_type=\"widget\" data-widget_type=\"button.default\">\n\t\t\t\t<div class=\"elementor-widget-container\">\n\t\t\t\t\t\t\t\t\t<div class=\"elementor-button-wrapper\">\n\t\t\t\t\t<a class=\"elementor-button elementor-button-link elementor-size-sm\" href=\"\/en\/product\/nivel-de-aur\/\">\n\t\t\t\t\t\t<span class=\"elementor-button-content-wrapper\">\n\t\t\t\t\t\t\t\t\t<span class=\"elementor-button-text\">ALEGE OFERTA<\/span>\n\t\t\t\t\t<\/span>\n\t\t\t\t\t<\/a>\n\t\t\t\t<\/div>\n\t\t\t\t\t\t\t\t<\/div>\n\t\t\t\t<\/div>\n\t\t\t\t<\/div>\n\t\t<div class=\"elementor-element elementor-element-f832832 e-con-full e-flex e-con e-child\" data-id=\"f832832\" data-element_type=\"container\">\n\t\t\t\t<div class=\"elementor-element elementor-element-3ab7e08 animated-fast elementor-invisible elementor-widget elementor-widget-image\" data-id=\"3ab7e08\" data-element_type=\"widget\" data-settings=\"{&quot;_animation&quot;:&quot;fadeIn&quot;}\" data-widget_type=\"image.default\">\n\t\t\t\t<div class=\"elementor-widget-container\">\n\t\t\t\t\t\t\t\t\t\t\t\t\t\t\t\t<a href=\"\/en\/product\/nivel-de-platina\/\">\n\t\t\t\t\t\t\t<img fetchpriority=\"high\" decoding=\"async\" width=\"1024\" height=\"683\" src=\"https:\/\/camera.rnmp.ro\/wp-content\/uploads\/2025\/03\/pachete-membru-1024x683.jpg\" class=\"attachment-large size-large wp-image-6141\" alt=\"\" srcset=\"https:\/\/camera.rnmp.ro\/wp-content\/uploads\/2025\/03\/pachete-membru-1024x683.jpg 1024w, https:\/\/camera.rnmp.ro\/wp-content\/uploads\/2025\/03\/pachete-membru-300x200.jpg 300w, https:\/\/camera.rnmp.ro\/wp-content\/uploads\/2025\/03\/pachete-membru-768x512.jpg 768w, https:\/\/camera.rnmp.ro\/wp-content\/uploads\/2025\/03\/pachete-membru-18x12.jpg 18w, https:\/\/camera.rnmp.ro\/wp-content\/uploads\/2025\/03\/pachete-membru-600x400.jpg 600w, https:\/\/camera.rnmp.ro\/wp-content\/uploads\/2025\/03\/pachete-membru-560x373.jpg 560w, https:\/\/camera.rnmp.ro\/wp-content\/uploads\/2025\/03\/pachete-membru.jpg 1200w\" sizes=\"(max-width: 1024px) 100vw, 1024px\" \/>\t\t\t\t\t\t\t\t<\/a>\n\t\t\t\t\t\t\t\t\t\t\t\t\t\t\t<\/div>\n\t\t\t\t<\/div>\n\t\t\t\t<div class=\"elementor-element elementor-element-75185e5 elementor-widget elementor-widget-ova_heading\" data-id=\"75185e5\" data-element_type=\"widget\" data-widget_type=\"ova_heading.default\">\n\t\t\t\t<div class=\"elementor-widget-container\">\n\t\t\t\t\t\t\t<div class=\"ova-heading\">\n\t\t\t\n\t\t\t\t\t\t\t<h3 class=\"title second_font\">Nivel de Platin\u0103<\/h3>\n\t\t\t\n\t\t\t\t\t\t\t<p class=\"sub-title\">Cotiza\u021bie anual\u0103: 5000 lei<\/p>\n\t\t\t\n\t\t<\/div>\n\t\t\t\t\t\t<\/div>\n\t\t\t\t<\/div>\n\t\t\t\t<div class=\"elementor-element elementor-element-e8a7ecd elementor-align-center elementor-widget elementor-widget-button\" data-id=\"e8a7ecd\" data-element_type=\"widget\" data-widget_type=\"button.default\">\n\t\t\t\t<div class=\"elementor-widget-container\">\n\t\t\t\t\t\t\t\t\t<div class=\"elementor-button-wrapper\">\n\t\t\t\t\t<a class=\"elementor-button elementor-button-link elementor-size-sm\" href=\"\/en\/product\/nivel-de-platina\/\">\n\t\t\t\t\t\t<span class=\"elementor-button-content-wrapper\">\n\t\t\t\t\t\t\t\t\t<span class=\"elementor-button-text\">ALEGE OFERTA<\/span>\n\t\t\t\t\t<\/span>\n\t\t\t\t\t<\/a>\n\t\t\t\t<\/div>\n\t\t\t\t\t\t\t\t<\/div>\n\t\t\t\t<\/div>\n\t\t\t\t<\/div>\n\t\t\t\t\t<\/div>\n\t\t\t\t<\/div>\n\t\t<div class=\"elementor-element elementor-element-dcc7f69 e-flex e-con-boxed e-con e-parent\" data-id=\"dcc7f69\" data-element_type=\"container\">\n\t\t\t\t\t<div class=\"e-con-inner\">\n\t\t\t\t<div class=\"elementor-element elementor-element-2a3efaa elementor-widget elementor-widget-spacer\" data-id=\"2a3efaa\" data-element_type=\"widget\" data-widget_type=\"spacer.default\">\n\t\t\t\t<div class=\"elementor-widget-container\">\n\t\t\t\t\t\t\t<div class=\"elementor-spacer\">\n\t\t\t<div class=\"elementor-spacer-inner\"><\/div>\n\t\t<\/div>\n\t\t\t\t\t\t<\/div>\n\t\t\t\t<\/div>\n\t\t\t\t\t<\/div>\n\t\t\t\t<\/div>\n\t\t\t\t<\/div>","protected":false},"excerpt":{"rendered":"<p>MEMBRI CCINA Constan\u021ba Dezvoltarea rela\u0163iei cu membrii este esen\u0163ial\u0103 pentru institu\u0163ia noastr\u0103. Membrii Camerei ne inspir\u0103 \u015fi ne dau energia de a sus\u021bine, cu rezultate c\u00e2t mai bune, mediul de afaceri din jude\u0163ul Constan\u0163a. Nivel de Baz\u0103 Cotiza\u021bie anual\u0103: 500 lei ALEGE OFERTA Nivel de Bronz Cotiza\u021bie anual\u0103: 1000 lei ALEGE OFERTA Nivel de Argint [&hellip;]<\/p>","protected":false},"author":3,"featured_media":623,"parent":0,"menu_order":0,"comment_status":"closed","ping_status":"closed","template":"elementor_header_footer","meta":{"footnotes":""},"class_list":["post-730","page","type-page","status-publish","has-post-thumbnail","hentry"],"_links":{"self":[{"href":"https:\/\/camera.rnmp.ro\/en\/wp-json\/wp\/v2\/pages\/730","targetHints":{"allow":["GET"]}}],"collection":[{"href":"https:\/\/camera.rnmp.ro\/en\/wp-json\/wp\/v2\/pages"}],"about":[{"href":"https:\/\/camera.rnmp.ro\/en\/wp-json\/wp\/v2\/types\/page"}],"author":[{"embeddable":true,"href":"https:\/\/camera.rnmp.ro\/en\/wp-json\/wp\/v2\/users\/3"}],"replies":[{"embeddable":true,"href":"https:\/\/camera.rnmp.ro\/en\/wp-json\/wp\/v2\/comments?post=730"}],"version-history":[{"count":29,"href":"https:\/\/camera.rnmp.ro\/en\/wp-json\/wp\/v2\/pages\/730\/revisions"}],"predecessor-version":[{"id":6181,"href":"https:\/\/camera.rnmp.ro\/en\/wp-json\/wp\/v2\/pages\/730\/revisions\/6181"}],"wp:featuredmedia":[{"embeddable":true,"href":"https:\/\/camera.rnmp.ro\/en\/wp-json\/wp\/v2\/media\/623"}],"wp:attachment":[{"href":"https:\/\/camera.rnmp.ro\/en\/wp-json\/wp\/v2\/media?parent=730"}],"curies":[{"name":"wp","href":"https:\/\/api.w.org\/{rel}","templated":true}]}}