{"id":6144,"date":"2025-03-25T16:48:58","date_gmt":"2025-03-25T16:48:58","guid":{"rendered":"https:\/\/camera.rnmp.ro\/?post_type=product&#038;p=6144"},"modified":"2025-03-25T17:35:45","modified_gmt":"2025-03-25T17:35:45","slug":"nivel-de-aur","status":"publish","type":"product","link":"https:\/\/camera.rnmp.ro\/en\/product\/nivel-de-aur\/","title":{"rendered":"Nivel de Aur"},"content":{"rendered":"<h2>Sprijin pentru dezvoltarea afacerii \u015fi inovare<\/h2>\n<ul>\n<li>Acordarea de informa\u0163ii \u015fi consultan\u0163\u0103 economic\u0103 pe teme de import-export, interna\u0163ionalizare, protec\u0163ia propriet\u0103\u0163ii intelectuale, surse de finan\u0163are<\/li>\n<li>Furnizarea de informa\u0163ii comerciale despre poten\u0163iali parteneri externi<\/li>\n<li>Informa\u0163ii \u015fi asisten\u0163\u0103 pentru adaptarea companiilor locale la cerin\u0163ele impuse de UE<\/li>\n<li>Informa\u0163ii referitoare la eliberarea documentelor folosite \u00een comer\u0163ul interna\u0163ional<\/li>\n<\/ul>\n<h2>Promovare \u015fi informare<\/h2>\n<ul>\n<li>Transmiterea publica\u0163iilor CCINA: \u201cManager\u201d on-line, Catalogul \u201cTopul firmelor din jude\u0163ul Constan\u0163a\u201d, calendar etc.<\/li>\n<li>Topul firmelor \u2013 reclam\u0103 gratuit\u0103 (o pagin\u0103 color) \u00een Catalog \u015fi acordarea gratuit\u0103 a diplomei<\/li>\n<li>Prezentarea firmei \u00een publica\u021bia \u201eManager\u201d: 2 prezent\u0103ri pe an. Materialul publicat va fi pus la dispozi\u021bie de c\u0103tre solicitant<\/li>\n<li>Eliberarea de adeverin\u0163e pentru participarea la manifest\u0103ri expozi\u0163ionale na\u0163ionale, pentru a beneficia de reducerile acordate de ROMEXPO<\/li>\n<li>Promovare prin instrumentele online ale CCINA -Facebook: 10 post\u0103ri pe an: 3 sponsorizate (5 zile fiecare) \u0219i 7 nesponsorizate. Post\u0103rile pot fi diferite \u0219i \u00eenformate diferite (imagine\/video). Site: banner coloan\u0103 45 de zile. Vizualul \u0219i textul vor fi oferite de c\u0103tre solicitant<\/li>\n<\/ul>\n<h2>Acces la reteaua membrilor CCINA, networking \u015fi lobby<\/h2>\n<ul>\n<li>Invita\u0163ii la Adun\u0103rile generale ale membrilor CCINA pe sec\u0163iuni<\/li>\n<li>Sus\u0163inerea intereselor membrilor \u00een fa\u0163a autori\u0163\u0103tilor locale \u015fi na\u0163ionale<\/li>\n<li>Eliberarea atestatului \u015fi a legitima\u0163iei de membru<\/li>\n<\/ul>\n<h2>Formare \u015fi dezvoltare profesional\u0103, organizare de evenimente<\/h2>\n<ul>\n<li>Informare despre evenimentele organizate de CCINA \u2013 cursuri de instruire, perfec\u0163ionare \u015fi specializare, seminarii, simpozioane, manifest\u0103ri expozi\u0163ionale<\/li>\n<\/ul>\n<h2>Reduceri la tarifele pentru serviciile oferite contra cost de CCINA<\/h2>\n<ul>\n<li>reduceri la \u00eent\u00e2lniri de afaceri, evenimente<\/li>\n<li>40% la eliberarea de certificate de origine \u0219i viz\u0103 document extern*<\/li>\n<li>15% la eliberarea avizului de for\u0163\u0103 major\u0103<\/li>\n<li>25% la diseminarea materialelor proprii de promovare ale firmelor, \u00een cadrul evenimentelor CCINA sau \u00een spa\u0163iile speciale de promovare de la sediul CCINA<\/li>\n<li>tarife reduse la cursurile de preg\u0103tire, formare profesional\u0103 \u0219i la festivit\u0103\u021bile organizate de CCINA<\/li>\n<\/ul>","protected":false},"excerpt":{"rendered":"<p><em>COTIZA\u021aIE ANUAL\u0102<\/em><\/p>","protected":false},"featured_media":6141,"template":"","meta":[],"product_brand":[],"product_cat":[106],"product_tag":[],"class_list":{"0":"post-6144","1":"product","2":"type-product","3":"status-publish","4":"has-post-thumbnail","6":"product_cat-pachete","8":"first","9":"instock","10":"virtual","11":"purchasable","12":"product-type-simple"},"_links":{"self":[{"href":"https:\/\/camera.rnmp.ro\/en\/wp-json\/wp\/v2\/product\/6144","targetHints":{"allow":["GET"]}}],"collection":[{"href":"https:\/\/camera.rnmp.ro\/en\/wp-json\/wp\/v2\/product"}],"about":[{"href":"https:\/\/camera.rnmp.ro\/en\/wp-json\/wp\/v2\/types\/product"}],"wp:featuredmedia":[{"embeddable":true,"href":"https:\/\/camera.rnmp.ro\/en\/wp-json\/wp\/v2\/media\/6141"}],"wp:attachment":[{"href":"https:\/\/camera.rnmp.ro\/en\/wp-json\/wp\/v2\/media?parent=6144"}],"wp:term":[{"taxonomy":"product_brand","embeddable":true,"href":"https:\/\/camera.rnmp.ro\/en\/wp-json\/wp\/v2\/product_brand?post=6144"},{"taxonomy":"product_cat","embeddable":true,"href":"https:\/\/camera.rnmp.ro\/en\/wp-json\/wp\/v2\/product_cat?post=6144"},{"taxonomy":"product_tag","embeddable":true,"href":"https:\/\/camera.rnmp.ro\/en\/wp-json\/wp\/v2\/product_tag?post=6144"}],"curies":[{"name":"wp","href":"https:\/\/api.w.org\/{rel}","templated":true}]}}